{"id":48647,"date":"2025-09-19T13:33:52","date_gmt":"2025-09-19T17:33:52","guid":{"rendered":"https:\/\/www.nautilusplus.com\/?page_id=48647"},"modified":"2025-10-15T10:50:42","modified_gmt":"2025-10-15T14:50:42","slug":"offre-exclusive-au-centre-ville-de-montreal","status":"publish","type":"page","link":"https:\/\/www.nautilusplus.com\/fr\/offre-exclusive-au-centre-ville-de-montreal\/","title":{"rendered":"<strong>Offre exclusive au centre-ville de Montr\u00e9al<\/strong>"},"content":{"rendered":"\n<h2><strong>Seulement 519,74$ par ann\u00e9e, payable 19,99 $ aux deux semaines<\/strong><\/h2>\n\n\n\n<p>Que vous travailliez pr\u00e8s de Place Ville-Marie, Place Victoria ou Place Montr\u00e9al Trust, <strong>votre gym Nautilus Plus est litt\u00e9ralement au coin de la rue<\/strong>. Plus besoin de perdre du temps dans le trafic pour aller vous entra\u00eener.<\/p>\n\n\n\n<p>D\u00e9couvrez notre abonnement annuel local vous permettant de vous entrainer dans l\u2019une de ces trois succursales au choix!<\/p>\n\n\n\n<ul>\n<li><strong>19,99 $ \/ 2 semaines<\/strong>&nbsp;(519,74$ pour l\u2019ann\u00e9e): pour vous entra\u00eener au centre-ville de Montr\u00e9al !<\/li>\n\n\n\n<li><strong>Moins de 1.50$ par jour<\/strong> pour rester en forme!<\/li>\n\n\n\n<li>Acc\u00e8s local au <strong>Nautilus Plus d&rsquo;inscription (soit Place Ville-Marie, Place Victoria ou Place Montr\u00e9al Trust).<\/strong><\/li>\n<\/ul>\n\n\n\n<p><strong>Avantages concrets&nbsp;de cet abonnement local:<\/strong><\/p>\n\n\n\n<ul>\n<li>Acc\u00e8s rapide avant ou apr\u00e8s le travail<\/li>\n\n\n\n<li>\u00c9quipements et plateaux vari\u00e9s<\/li>\n\n\n\n<li>Acc\u00e8s aux cours de groupe de Place Montr\u00e9al Trust<\/li>\n\n\n\n<li>Acc\u00e8s \u00e0 l\u2019application mobile de Nautilus Plus<\/li>\n\n\n\n<li>Atmosph\u00e8re motivante au c\u0153ur du centre-ville<\/li>\n\n\n\n<li>Abonnement local et abordable<\/li>\n<\/ul>\n\n\n\n<br><p style=\"text-align:center;\"><a class=\"button-red\" href=\"https:\/\/www.nautilusplus.com\/fr\/abonnement-en-ligne\/?promotionType=promoRabaisLocal\">Je m\u2019abonne d\u00e8s aujourd\u2019hui<\/a><\/p><br>\n\n\n\n<p>*Certaines conditions s&rsquo;appliquent. Offre valide pour un temps limit\u00e9 seulement.<\/p>\n","protected":false},"excerpt":{"rendered":"<p>Seulement 519,74$ par ann\u00e9e, payable 19,99 $ aux deux semaines Que vous travailliez pr\u00e8s de Place Ville-Marie, Place Victoria ou Place Montr\u00e9al Trust, votre gym Nautilus Plus est litt\u00e9ralement au coin de la rue. Plus besoin de perdre du temps dans le trafic pour aller vous entra\u00eener. D\u00e9couvrez notre abonnement annuel local vous permettant de [&hellip;]<\/p>\n","protected":false},"author":78,"featured_media":47966,"parent":0,"menu_order":0,"comment_status":"closed","ping_status":"closed","template":"page-text.php","meta":[],"yoast_head":"<!-- This site is optimized with the Yoast SEO plugin v16.3 - https:\/\/yoast.com\/wordpress\/plugins\/seo\/ -->\r\n<meta name=\"description\" content=\"Entrainez-vous au coeur du centre-ville \u00e0 deux pas de Place Victoria, Place Ville Marie ou Place Montr\u00e9al Trust!\" \/>\r\n<meta name=\"robots\" content=\"index, follow, max-snippet:-1, max-image-preview:large, max-video-preview:-1\" \/>\r\n<link rel=\"canonical\" href=\"https:\/\/www.nautilusplus.com\/fr\/offre-exclusive-au-centre-ville-de-montreal\/\" \/>\r\n<meta property=\"og:locale\" content=\"fr_FR\" \/>\r\n<meta property=\"og:type\" content=\"article\" \/>\r\n<meta property=\"og:title\" content=\"Offre exclusive au centre-ville de Montr\u00e9al - Nautilus Plus\" \/>\r\n<meta property=\"og:description\" content=\"Entrainez-vous au coeur du centre-ville \u00e0 deux pas de Place Victoria, Place Ville Marie ou Place Montr\u00e9al Trust!\" \/>\r\n<meta property=\"og:url\" content=\"https:\/\/www.nautilusplus.com\/fr\/offre-exclusive-au-centre-ville-de-montreal\/\" \/>\r\n<meta property=\"og:site_name\" content=\"Nautilus Plus\" \/>\r\n<meta property=\"article:modified_time\" content=\"2025-10-15T14:50:42+00:00\" \/>\r\n<meta property=\"og:image\" content=\"https:\/\/www.nautilusplus.com\/content\/uploads\/2025\/01\/Rockland_2-scaled.jpg\" \/>\r\n\t<meta property=\"og:image:width\" content=\"2560\" \/>\r\n\t<meta property=\"og:image:height\" content=\"1707\" \/>\r\n<meta name=\"twitter:label1\" content=\"Est. reading time\">\n\t<meta name=\"twitter:data1\" content=\"1 minute\">\r\n<script type=\"application\/ld+json\" class=\"yoast-schema-graph\">{\"@context\":\"https:\/\/schema.org\",\"@graph\":[{\"@type\":\"WebSite\",\"@id\":\"https:\/\/www.nautilusplus.com\/#website\",\"url\":\"https:\/\/www.nautilusplus.com\/\",\"name\":\"Nautilus Plus\",\"description\":\"Plus qu&#039;un gym\",\"potentialAction\":[{\"@type\":\"SearchAction\",\"target\":\"https:\/\/www.nautilusplus.com\/?s={search_term_string}\",\"query-input\":\"required name=search_term_string\"}],\"inLanguage\":\"fr-FR\"},{\"@type\":\"ImageObject\",\"@id\":\"https:\/\/www.nautilusplus.com\/fr\/offre-exclusive-au-centre-ville-de-montreal\/#primaryimage\",\"inLanguage\":\"fr-FR\",\"url\":\"https:\/\/www.nautilusplus.com\/content\/uploads\/2025\/01\/Rockland_2-scaled.jpg\",\"contentUrl\":\"https:\/\/www.nautilusplus.com\/content\/uploads\/2025\/01\/Rockland_2-scaled.jpg\",\"width\":2560,\"height\":1707},{\"@type\":\"WebPage\",\"@id\":\"https:\/\/www.nautilusplus.com\/fr\/offre-exclusive-au-centre-ville-de-montreal\/#webpage\",\"url\":\"https:\/\/www.nautilusplus.com\/fr\/offre-exclusive-au-centre-ville-de-montreal\/\",\"name\":\"Offre exclusive au centre-ville de Montr\\u00e9al - Nautilus Plus\",\"isPartOf\":{\"@id\":\"https:\/\/www.nautilusplus.com\/#website\"},\"primaryImageOfPage\":{\"@id\":\"https:\/\/www.nautilusplus.com\/fr\/offre-exclusive-au-centre-ville-de-montreal\/#primaryimage\"},\"datePublished\":\"2025-09-19T17:33:52+00:00\",\"dateModified\":\"2025-10-15T14:50:42+00:00\",\"description\":\"Entrainez-vous au coeur du centre-ville \\u00e0 deux pas de Place Victoria, Place Ville Marie ou Place Montr\\u00e9al Trust!\",\"breadcrumb\":{\"@id\":\"https:\/\/www.nautilusplus.com\/fr\/offre-exclusive-au-centre-ville-de-montreal\/#breadcrumb\"},\"inLanguage\":\"fr-FR\",\"potentialAction\":[{\"@type\":\"ReadAction\",\"target\":[\"https:\/\/www.nautilusplus.com\/fr\/offre-exclusive-au-centre-ville-de-montreal\/\"]}]},{\"@type\":\"BreadcrumbList\",\"@id\":\"https:\/\/www.nautilusplus.com\/fr\/offre-exclusive-au-centre-ville-de-montreal\/#breadcrumb\",\"itemListElement\":[{\"@type\":\"ListItem\",\"position\":1,\"item\":{\"@type\":\"WebPage\",\"@id\":\"https:\/\/www.nautilusplus.com\/fr\/\",\"url\":\"https:\/\/www.nautilusplus.com\/fr\/\",\"name\":\"Home\"}},{\"@type\":\"ListItem\",\"position\":2,\"item\":{\"@id\":\"https:\/\/www.nautilusplus.com\/fr\/offre-exclusive-au-centre-ville-de-montreal\/#webpage\"}}]}]}<\/script>\r\n<!-- \/ Yoast SEO plugin. -->","_links":{"self":[{"href":"https:\/\/www.nautilusplus.com\/fr\/wp-json\/wp\/v2\/pages\/48647"}],"collection":[{"href":"https:\/\/www.nautilusplus.com\/fr\/wp-json\/wp\/v2\/pages"}],"about":[{"href":"https:\/\/www.nautilusplus.com\/fr\/wp-json\/wp\/v2\/types\/page"}],"author":[{"embeddable":true,"href":"https:\/\/www.nautilusplus.com\/fr\/wp-json\/wp\/v2\/users\/78"}],"replies":[{"embeddable":true,"href":"https:\/\/www.nautilusplus.com\/fr\/wp-json\/wp\/v2\/comments?post=48647"}],"version-history":[{"count":0,"href":"https:\/\/www.nautilusplus.com\/fr\/wp-json\/wp\/v2\/pages\/48647\/revisions"}],"wp:featuredmedia":[{"embeddable":true,"href":"https:\/\/www.nautilusplus.com\/fr\/wp-json\/wp\/v2\/media\/47966"}],"wp:attachment":[{"href":"https:\/\/www.nautilusplus.com\/fr\/wp-json\/wp\/v2\/media?parent=48647"}],"curies":[{"name":"wp","href":"https:\/\/api.w.org\/{rel}","templated":true}]}}