{"id":46825,"date":"2024-01-22T09:49:15","date_gmt":"2024-01-22T14:49:15","guid":{"rendered":"https:\/\/cms.nautilusplus.com\/?page_id=46825"},"modified":"2025-12-29T12:38:38","modified_gmt":"2025-12-29T17:38:38","slug":"marche-a-suivre","status":"publish","type":"page","link":"https:\/\/www.nautilusplus.com\/fr\/services-aux-entreprises\/marche-a-suivre\/","title":{"rendered":"Marche \u00e0 suivre"},"content":{"rendered":"<div class=\"wp-block-image\">\n<figure class=\"aligncenter size-large is-resized\"><img decoding=\"async\" loading=\"lazy\" src=\"https:\/\/www.nautilusplus.com\/content\/uploads\/2024\/01\/np_sans_signature_couleur-1024x363.png\" alt=\"\" class=\"wp-image-46829\" width=\"304\" height=\"107\" srcset=\"https:\/\/www.nautilusplus.com\/content\/uploads\/2024\/01\/np_sans_signature_couleur-1024x363.png 1024w, https:\/\/www.nautilusplus.com\/content\/uploads\/2024\/01\/np_sans_signature_couleur-800x284.png 800w, https:\/\/www.nautilusplus.com\/content\/uploads\/2024\/01\/np_sans_signature_couleur-768x273.png 768w, https:\/\/www.nautilusplus.com\/content\/uploads\/2024\/01\/np_sans_signature_couleur-1536x545.png 1536w, https:\/\/www.nautilusplus.com\/content\/uploads\/2024\/01\/np_sans_signature_couleur.png 1868w\" sizes=\"(max-width: 304px) 100vw, 304px\" \/><\/figure><\/div>\n\n\n<h3 class=\"has-text-align-center\">Votre employeur cotise \u00e0 votre abonnement Nautilus Plus?<\/h3>\n\n\n\n<p>Si votre employeur <strong>cotise \u00e0 votre abonnement en salle chez Nautilus Plus<\/strong>, vous devrez avoir un <strong>certificat d&rsquo;inscription<\/strong> \u00e0 code unique en main lors de votre abonnement ainsi qu&rsquo;une <strong>preuve d&#8217;emploi. <\/strong>R\u00e9f\u00e9rez-vous \u00e0 la personne ressource de votre organisation. <\/p>\n\n\n\n<h3 class=\"has-text-align-center\">Vous avez un rabais sans cotisation ?<\/h3>\n\n\n\n<p>Pr\u00e9sentez-vous simplement en succursale<strong> avec une preuve d\u2019emploi<\/strong> (carte d\u2019employ\u00e9, relev\u00e9 de paye ou carte d\u2019affaire personnalis\u00e9e).<\/p>\n\n\n\n<hr style=\"border: none;height: 30px;margin: 0;\">\n\n\n<div class=\"wp-block-image\">\n<figure class=\"aligncenter size-large is-resized\"><img decoding=\"async\" loading=\"lazy\" src=\"https:\/\/www.nautilusplus.com\/content\/uploads\/2024\/01\/logo-ultimefit-1024x156.png\" alt=\"\" class=\"wp-image-46826\" width=\"281\" height=\"42\" srcset=\"https:\/\/www.nautilusplus.com\/content\/uploads\/2024\/01\/logo-ultimefit-1024x156.png 1024w, https:\/\/www.nautilusplus.com\/content\/uploads\/2024\/01\/logo-ultimefit-800x122.png 800w, https:\/\/www.nautilusplus.com\/content\/uploads\/2024\/01\/logo-ultimefit-768x117.png 768w, https:\/\/www.nautilusplus.com\/content\/uploads\/2024\/01\/logo-ultimefit-1536x233.png 1536w, https:\/\/www.nautilusplus.com\/content\/uploads\/2024\/01\/logo-ultimefit.png 1804w\" sizes=\"(max-width: 281px) 100vw, 281px\" \/><\/figure><\/div>\n\n\n<hr style=\"border: none;height: 15px;margin: 0;\">\n\n\n\n<p>Pour vous inscrire \u00e0 la plateforme d&rsquo;entrainement et de nutrition en ligne Ultime Fit, suivez les \u00e9tapes ci-dessous avec le code promotionnel de votre entreprise.<\/p>\n\n\n\n<ol type=\"1\">\n<li>Rendez-vous sur <a href=\"http:\/\/www.ultimefit.com\"><strong>www.ultimefit.com<\/strong><\/a><\/li>\n\n\n\n<li>Cliquez sur l\u2019onglet <strong><em><a href=\"https:\/\/www.ultimefit.com\/fr\/subscription\" target=\"_blank\" rel=\"noreferrer noopener\">INSCRIPTION<\/a><\/em><\/strong> en haut \u00e0 droite<\/li>\n\n\n\n<li>Cliquez sur <strong>L\u2019AVANTAGEUX <\/strong>Abonnement annuel<\/li>\n\n\n\n<li>Cr\u00e9ez votre compte, puis proc\u00e9dez au paiement<\/li>\n\n\n\n<li>Apr\u00e8s avoir saisi vos informations de paiement, ajoutez le <strong>CODE PROMOTIONNEL<\/strong> puis sur <strong>APPLIQUER<\/strong><\/li>\n<\/ol>\n","protected":false},"excerpt":{"rendered":"<p>Votre employeur cotise \u00e0 votre abonnement Nautilus Plus? Si votre employeur cotise \u00e0 votre abonnement en salle chez Nautilus Plus, vous devrez avoir un certificat d&rsquo;inscription \u00e0 code unique en main lors de votre abonnement ainsi qu&rsquo;une preuve d&#8217;emploi. R\u00e9f\u00e9rez-vous \u00e0 la personne ressource de votre organisation. Vous avez un rabais sans cotisation ? Pr\u00e9sentez-vous [&hellip;]<\/p>\n","protected":false},"author":78,"featured_media":40170,"parent":44077,"menu_order":0,"comment_status":"closed","ping_status":"closed","template":"page-corpo-marche-a-suivre.php","meta":[],"yoast_head":"<!-- This site is optimized with the Yoast SEO plugin v16.3 - https:\/\/yoast.com\/wordpress\/plugins\/seo\/ -->\r\n<meta name=\"robots\" content=\"index, follow, max-snippet:-1, max-image-preview:large, max-video-preview:-1\" \/>\r\n<link rel=\"canonical\" href=\"https:\/\/www.nautilusplus.com\/fr\/services-aux-entreprises\/marche-a-suivre\/\" \/>\r\n<meta property=\"og:locale\" content=\"fr_FR\" \/>\r\n<meta property=\"og:type\" content=\"article\" \/>\r\n<meta property=\"og:title\" content=\"Marche \u00e0 suivre - Nautilus Plus\" \/>\r\n<meta property=\"og:description\" content=\"Votre employeur cotise \u00e0 votre abonnement Nautilus Plus? Si votre employeur cotise \u00e0 votre abonnement en salle chez Nautilus Plus, vous devrez avoir un certificat d&rsquo;inscription \u00e0 code unique en main lors de votre abonnement ainsi qu&rsquo;une preuve d&#8217;emploi. R\u00e9f\u00e9rez-vous \u00e0 la personne ressource de votre organisation. Vous avez un rabais sans cotisation ? Pr\u00e9sentez-vous [&hellip;]\" \/>\r\n<meta property=\"og:url\" content=\"https:\/\/www.nautilusplus.com\/fr\/services-aux-entreprises\/marche-a-suivre\/\" \/>\r\n<meta property=\"og:site_name\" content=\"Nautilus Plus\" \/>\r\n<meta property=\"article:modified_time\" content=\"2025-12-29T17:38:38+00:00\" \/>\r\n<meta property=\"og:image\" content=\"https:\/\/www.nautilusplus.com\/content\/uploads\/2022\/05\/fond-gym-scaled.jpg\" \/>\r\n\t<meta property=\"og:image:width\" content=\"2560\" \/>\r\n\t<meta property=\"og:image:height\" content=\"1439\" \/>\r\n<meta name=\"twitter:label1\" content=\"Est. reading time\">\n\t<meta name=\"twitter:data1\" content=\"1 minute\">\r\n<script type=\"application\/ld+json\" class=\"yoast-schema-graph\">{\"@context\":\"https:\/\/schema.org\",\"@graph\":[{\"@type\":\"WebSite\",\"@id\":\"https:\/\/www.nautilusplus.com\/#website\",\"url\":\"https:\/\/www.nautilusplus.com\/\",\"name\":\"Nautilus Plus\",\"description\":\"Plus qu&#039;un gym\",\"potentialAction\":[{\"@type\":\"SearchAction\",\"target\":\"https:\/\/www.nautilusplus.com\/?s={search_term_string}\",\"query-input\":\"required name=search_term_string\"}],\"inLanguage\":\"fr-FR\"},{\"@type\":\"ImageObject\",\"@id\":\"https:\/\/www.nautilusplus.com\/fr\/services-aux-entreprises\/marche-a-suivre\/#primaryimage\",\"inLanguage\":\"fr-FR\",\"url\":\"https:\/\/www.nautilusplus.com\/content\/uploads\/2022\/05\/fond-gym-scaled.jpg\",\"contentUrl\":\"https:\/\/www.nautilusplus.com\/content\/uploads\/2022\/05\/fond-gym-scaled.jpg\",\"width\":2560,\"height\":1439},{\"@type\":\"WebPage\",\"@id\":\"https:\/\/www.nautilusplus.com\/fr\/services-aux-entreprises\/marche-a-suivre\/#webpage\",\"url\":\"https:\/\/www.nautilusplus.com\/fr\/services-aux-entreprises\/marche-a-suivre\/\",\"name\":\"Marche \\u00e0 suivre - Nautilus Plus\",\"isPartOf\":{\"@id\":\"https:\/\/www.nautilusplus.com\/#website\"},\"primaryImageOfPage\":{\"@id\":\"https:\/\/www.nautilusplus.com\/fr\/services-aux-entreprises\/marche-a-suivre\/#primaryimage\"},\"datePublished\":\"2024-01-22T14:49:15+00:00\",\"dateModified\":\"2025-12-29T17:38:38+00:00\",\"breadcrumb\":{\"@id\":\"https:\/\/www.nautilusplus.com\/fr\/services-aux-entreprises\/marche-a-suivre\/#breadcrumb\"},\"inLanguage\":\"fr-FR\",\"potentialAction\":[{\"@type\":\"ReadAction\",\"target\":[\"https:\/\/www.nautilusplus.com\/fr\/services-aux-entreprises\/marche-a-suivre\/\"]}]},{\"@type\":\"BreadcrumbList\",\"@id\":\"https:\/\/www.nautilusplus.com\/fr\/services-aux-entreprises\/marche-a-suivre\/#breadcrumb\",\"itemListElement\":[{\"@type\":\"ListItem\",\"position\":1,\"item\":{\"@type\":\"WebPage\",\"@id\":\"https:\/\/www.nautilusplus.com\/fr\/\",\"url\":\"https:\/\/www.nautilusplus.com\/fr\/\",\"name\":\"Home\"}},{\"@type\":\"ListItem\",\"position\":2,\"item\":{\"@type\":\"WebPage\",\"@id\":\"https:\/\/www.nautilusplus.com\/fr\/services-aux-entreprises\/\",\"url\":\"https:\/\/www.nautilusplus.com\/fr\/services-aux-entreprises\/\",\"name\":\"SERVICES AUX ENTREPRISES\"}},{\"@type\":\"ListItem\",\"position\":3,\"item\":{\"@id\":\"https:\/\/www.nautilusplus.com\/fr\/services-aux-entreprises\/marche-a-suivre\/#webpage\"}}]}]}<\/script>\r\n<!-- \/ Yoast SEO plugin. -->","_links":{"self":[{"href":"https:\/\/www.nautilusplus.com\/fr\/wp-json\/wp\/v2\/pages\/46825"}],"collection":[{"href":"https:\/\/www.nautilusplus.com\/fr\/wp-json\/wp\/v2\/pages"}],"about":[{"href":"https:\/\/www.nautilusplus.com\/fr\/wp-json\/wp\/v2\/types\/page"}],"author":[{"embeddable":true,"href":"https:\/\/www.nautilusplus.com\/fr\/wp-json\/wp\/v2\/users\/78"}],"replies":[{"embeddable":true,"href":"https:\/\/www.nautilusplus.com\/fr\/wp-json\/wp\/v2\/comments?post=46825"}],"version-history":[{"count":0,"href":"https:\/\/www.nautilusplus.com\/fr\/wp-json\/wp\/v2\/pages\/46825\/revisions"}],"up":[{"embeddable":true,"href":"https:\/\/www.nautilusplus.com\/fr\/wp-json\/wp\/v2\/pages\/44077"}],"wp:featuredmedia":[{"embeddable":true,"href":"https:\/\/www.nautilusplus.com\/fr\/wp-json\/wp\/v2\/media\/40170"}],"wp:attachment":[{"href":"https:\/\/www.nautilusplus.com\/fr\/wp-json\/wp\/v2\/media?parent=46825"}],"curies":[{"name":"wp","href":"https:\/\/api.w.org\/{rel}","templated":true}]}}