{"id":3772,"date":"2013-10-07T19:57:31","date_gmt":"2013-10-07T19:57:31","guid":{"rendered":"http:\/\/nautilus.dev\/david-2\/"},"modified":"2013-12-29T22:04:32","modified_gmt":"2013-12-30T03:04:32","slug":"david","status":"publish","type":"page","link":"https:\/\/www.nautilusplus.com\/fr\/david\/","title":{"rendered":"David, 38 ans"},"content":{"rendered":"<h1>David, 38 ans<\/h1>\n<h2>A perdu 38 livres<\/h2>\n<p>David a particip\u00e9 au programme Transform Or, et s&rsquo;est entra\u00een\u00e9 au minimum 5 fois par semaines pendant 3 mois afin d&rsquo;atteindre ses objectifs de perte de poids. David maintient son poids sant\u00e9 depuis plus de 9 mois.<\/p>\n<p><strong>Profession :<\/strong> Sergent enqu\u00eateur \u00e0 la S\u00fbret\u00e9 du Qu\u00e9bec<br \/>\n<strong>Succursale d&rsquo;entra\u00eenement :<\/strong> Place Nautilus Plus \u00e0 Qu\u00e9bec<br \/>\n<strong>Pourquoi il d\u00e9sirait se prendre en main?<\/strong> Am\u00e9liorer ma sant\u00e9 et me sentir bien dans ma peau. Sortir de ma zone de confort \u00e0 l&rsquo;entra\u00eenement en ayant la chance d&rsquo;\u00eatre encadr\u00e9 par des professionnels.<br \/>\n<strong>Quelle \u00e9tait la plus grosse difficult\u00e9 \u00e0 surmonter?\u00a0<\/strong> Les tentations alimentaires et r\u00e9ussir \u00e0 int\u00e9grer de plus longs entra\u00eenements \u00e0 ma vie de papa et conjoint d\u00e9j\u00e0 tr\u00e8s bien remplie!<\/p>\n<div class=\"vid-container\"><iframe src=\"\/\/player.vimeo.com\/video\/55813999?title=0&amp;byline=0&amp;portrait=0&amp;badge=0&amp;color=c1a1a2\" frameborder=\"0\" webkitallowfullscreen mozallowfullscreen allowfullscreen><\/iframe><\/div>\n<p><a href=\"http:\/\/nautilusplus.com\/fr\/promotion\/programme-transform\/#force\"><img decoding=\"async\" class=\"alignnone size-full wp-image-15468\" style=\"float: right;\" alt=\"transform-janvier-2014-fr\" src=\"http:\/\/nautilusplus.com\/content\/uploads\/2013\/12\/transform-janvier-2014-fr1.jpg\" width=\"556\" srcset=\"https:\/\/www.nautilusplus.com\/content\/uploads\/2013\/12\/transform-janvier-2014-fr1.jpg 636w, https:\/\/www.nautilusplus.com\/content\/uploads\/2013\/12\/transform-janvier-2014-fr1-300x179.jpg 300w, https:\/\/www.nautilusplus.com\/content\/uploads\/2013\/12\/transform-janvier-2014-fr1-600x358.jpg 600w\" sizes=\"(max-width: 636px) 100vw, 636px\" \/><\/a><\/p>\n<div style=\"clear:both;\"><\/div>\n","protected":false},"excerpt":{"rendered":"<p>David, 38 ans A perdu 38 livres David a particip\u00e9 au programme Transform Or, et s&rsquo;est entra\u00een\u00e9 au minimum 5 fois par semaines pendant 3 mois afin d&rsquo;atteindre ses objectifs de perte de poids. David maintient son poids sant\u00e9 depuis plus de 9 mois. Profession : Sergent enqu\u00eateur \u00e0 la S\u00fbret\u00e9 du Qu\u00e9bec Succursale d&rsquo;entra\u00eenement [&hellip;]<\/p>\n","protected":false},"author":17,"featured_media":0,"parent":0,"menu_order":0,"comment_status":"closed","ping_status":"closed","template":"page-videos.php","meta":[],"yoast_head":"<!-- This site is optimized with the Yoast SEO plugin v16.3 - https:\/\/yoast.com\/wordpress\/plugins\/seo\/ -->\r\n<meta name=\"description\" content=\"D\u00e9couvrez la transformation de David Martin sur NautilusPlus.com\" \/>\r\n<meta name=\"robots\" content=\"index, follow, max-snippet:-1, max-image-preview:large, max-video-preview:-1\" \/>\r\n<link rel=\"canonical\" href=\"https:\/\/www.nautilusplus.com\/fr\/david\/\" \/>\r\n<meta property=\"og:locale\" content=\"fr_FR\" \/>\r\n<meta property=\"og:type\" content=\"article\" \/>\r\n<meta property=\"og:title\" content=\"David Martin | Transformation\" \/>\r\n<meta property=\"og:description\" content=\"D\u00e9couvrez la transformation de David Martin sur NautilusPlus.com\" \/>\r\n<meta property=\"og:url\" content=\"https:\/\/www.nautilusplus.com\/fr\/david\/\" \/>\r\n<meta property=\"og:site_name\" content=\"Nautilus Plus\" \/>\r\n<meta property=\"article:modified_time\" content=\"2013-12-30T03:04:32+00:00\" \/>\r\n<meta property=\"og:image\" content=\"http:\/\/nautilusplus.com\/content\/uploads\/2013\/12\/transform-janvier-2014-fr1.jpg\" \/>\r\n<meta name=\"twitter:label1\" content=\"Est. reading time\">\n\t<meta name=\"twitter:data1\" content=\"1 minute\">\r\n<script type=\"application\/ld+json\" class=\"yoast-schema-graph\">{\"@context\":\"https:\/\/schema.org\",\"@graph\":[{\"@type\":\"WebSite\",\"@id\":\"https:\/\/www.nautilusplus.com\/fr\/#website\",\"url\":\"https:\/\/www.nautilusplus.com\/fr\/\",\"name\":\"Nautilus Plus\",\"description\":\"Plus qu&#039;un gym\",\"potentialAction\":[{\"@type\":\"SearchAction\",\"target\":\"https:\/\/www.nautilusplus.com\/fr\/?s={search_term_string}\",\"query-input\":\"required name=search_term_string\"}],\"inLanguage\":\"fr-FR\"},{\"@type\":\"ImageObject\",\"@id\":\"https:\/\/www.nautilusplus.com\/fr\/david\/#primaryimage\",\"inLanguage\":\"fr-FR\",\"url\":\"http:\/\/nautilusplus.com\/content\/uploads\/2013\/12\/transform-janvier-2014-fr1.jpg\",\"contentUrl\":\"http:\/\/nautilusplus.com\/content\/uploads\/2013\/12\/transform-janvier-2014-fr1.jpg\"},{\"@type\":\"WebPage\",\"@id\":\"https:\/\/www.nautilusplus.com\/fr\/david\/#webpage\",\"url\":\"https:\/\/www.nautilusplus.com\/fr\/david\/\",\"name\":\"David Martin | Transformation\",\"isPartOf\":{\"@id\":\"https:\/\/www.nautilusplus.com\/fr\/#website\"},\"primaryImageOfPage\":{\"@id\":\"https:\/\/www.nautilusplus.com\/fr\/david\/#primaryimage\"},\"datePublished\":\"2013-10-07T19:57:31+00:00\",\"dateModified\":\"2013-12-30T03:04:32+00:00\",\"description\":\"D\\u00e9couvrez la transformation de David Martin sur NautilusPlus.com\",\"breadcrumb\":{\"@id\":\"https:\/\/www.nautilusplus.com\/fr\/david\/#breadcrumb\"},\"inLanguage\":\"fr-FR\",\"potentialAction\":[{\"@type\":\"ReadAction\",\"target\":[\"https:\/\/www.nautilusplus.com\/fr\/david\/\"]}]},{\"@type\":\"BreadcrumbList\",\"@id\":\"https:\/\/www.nautilusplus.com\/fr\/david\/#breadcrumb\",\"itemListElement\":[{\"@type\":\"ListItem\",\"position\":1,\"item\":{\"@type\":\"WebPage\",\"@id\":\"https:\/\/www.nautilusplus.com\/fr\/\",\"url\":\"https:\/\/www.nautilusplus.com\/fr\/\",\"name\":\"Home\"}},{\"@type\":\"ListItem\",\"position\":2,\"item\":{\"@id\":\"https:\/\/www.nautilusplus.com\/fr\/david\/#webpage\"}}]}]}<\/script>\r\n<!-- \/ Yoast SEO plugin. -->","_links":{"self":[{"href":"https:\/\/www.nautilusplus.com\/fr\/wp-json\/wp\/v2\/pages\/3772"}],"collection":[{"href":"https:\/\/www.nautilusplus.com\/fr\/wp-json\/wp\/v2\/pages"}],"about":[{"href":"https:\/\/www.nautilusplus.com\/fr\/wp-json\/wp\/v2\/types\/page"}],"author":[{"embeddable":true,"href":"https:\/\/www.nautilusplus.com\/fr\/wp-json\/wp\/v2\/users\/17"}],"replies":[{"embeddable":true,"href":"https:\/\/www.nautilusplus.com\/fr\/wp-json\/wp\/v2\/comments?post=3772"}],"version-history":[{"count":0,"href":"https:\/\/www.nautilusplus.com\/fr\/wp-json\/wp\/v2\/pages\/3772\/revisions"}],"wp:attachment":[{"href":"https:\/\/www.nautilusplus.com\/fr\/wp-json\/wp\/v2\/media?parent=3772"}],"curies":[{"name":"wp","href":"https:\/\/api.w.org\/{rel}","templated":true}]}}