{"id":3754,"date":"2013-10-07T18:45:53","date_gmt":"2013-10-07T18:45:53","guid":{"rendered":"http:\/\/nautilus.dev\/?page_id=3754"},"modified":"2014-12-11T14:49:20","modified_gmt":"2014-12-11T19:49:20","slug":"questionnaire","status":"publish","type":"page","link":"https:\/\/www.nautilusplus.com\/fr\/questionnaire\/","title":{"rendered":"Questionnaire"},"content":{"rendered":"","protected":false},"excerpt":{"rendered":"","protected":false},"author":17,"featured_media":19583,"parent":0,"menu_order":0,"comment_status":"closed","ping_status":"closed","template":"page-questionnaire.php","meta":[],"yoast_head":"<!-- This site is optimized with the Yoast SEO plugin v16.3 - https:\/\/yoast.com\/wordpress\/plugins\/seo\/ -->\r\n<meta name=\"description\" content=\"D\u00e9couvrez le service ou programme le plus adapt\u00e9 \u00e0 vos besoins en r\u00e9pondant \u00e0 notre questionnaire\" \/>\r\n<meta name=\"robots\" content=\"index, follow, max-snippet:-1, max-image-preview:large, max-video-preview:-1\" \/>\r\n<link rel=\"canonical\" href=\"https:\/\/www.nautilusplus.com\/fr\/questionnaire\/\" \/>\r\n<meta property=\"og:locale\" content=\"fr_FR\" \/>\r\n<meta property=\"og:type\" content=\"article\" \/>\r\n<meta property=\"og:title\" content=\"Questionnaire | Programmes d&#039;entra\u00eenement\" \/>\r\n<meta property=\"og:description\" content=\"D\u00e9couvrez le service ou programme le plus adapt\u00e9 \u00e0 vos besoins en r\u00e9pondant \u00e0 notre questionnaire\" \/>\r\n<meta property=\"og:url\" content=\"https:\/\/www.nautilusplus.com\/fr\/questionnaire\/\" \/>\r\n<meta property=\"og:site_name\" content=\"Nautilus Plus\" \/>\r\n<meta property=\"article:modified_time\" content=\"2014-12-11T19:49:20+00:00\" \/>\r\n<meta property=\"og:image\" content=\"https:\/\/www.nautilusplus.com\/content\/uploads\/2013\/09\/questionnaire.jpg\" \/>\r\n\t<meta property=\"og:image:width\" content=\"1920\" \/>\r\n\t<meta property=\"og:image:height\" content=\"875\" \/>\r\n<script type=\"application\/ld+json\" class=\"yoast-schema-graph\">{\"@context\":\"https:\/\/schema.org\",\"@graph\":[{\"@type\":\"WebSite\",\"@id\":\"https:\/\/www.nautilusplus.com\/#website\",\"url\":\"https:\/\/www.nautilusplus.com\/\",\"name\":\"Nautilus Plus\",\"description\":\"Plus qu&#039;un gym\",\"potentialAction\":[{\"@type\":\"SearchAction\",\"target\":\"https:\/\/www.nautilusplus.com\/?s={search_term_string}\",\"query-input\":\"required name=search_term_string\"}],\"inLanguage\":\"fr-FR\"},{\"@type\":\"ImageObject\",\"@id\":\"https:\/\/www.nautilusplus.com\/fr\/questionnaire\/#primaryimage\",\"inLanguage\":\"fr-FR\",\"url\":\"https:\/\/www.nautilusplus.com\/content\/uploads\/2013\/09\/questionnaire.jpg\",\"contentUrl\":\"https:\/\/www.nautilusplus.com\/content\/uploads\/2013\/09\/questionnaire.jpg\",\"width\":1920,\"height\":875},{\"@type\":\"WebPage\",\"@id\":\"https:\/\/www.nautilusplus.com\/fr\/questionnaire\/#webpage\",\"url\":\"https:\/\/www.nautilusplus.com\/fr\/questionnaire\/\",\"name\":\"Questionnaire | Programmes d'entra\\u00eenement\",\"isPartOf\":{\"@id\":\"https:\/\/www.nautilusplus.com\/#website\"},\"primaryImageOfPage\":{\"@id\":\"https:\/\/www.nautilusplus.com\/fr\/questionnaire\/#primaryimage\"},\"datePublished\":\"2013-10-07T18:45:53+00:00\",\"dateModified\":\"2014-12-11T19:49:20+00:00\",\"description\":\"D\\u00e9couvrez le service ou programme le plus adapt\\u00e9 \\u00e0 vos besoins en r\\u00e9pondant \\u00e0 notre questionnaire\",\"breadcrumb\":{\"@id\":\"https:\/\/www.nautilusplus.com\/fr\/questionnaire\/#breadcrumb\"},\"inLanguage\":\"fr-FR\",\"potentialAction\":[{\"@type\":\"ReadAction\",\"target\":[\"https:\/\/www.nautilusplus.com\/fr\/questionnaire\/\"]}]},{\"@type\":\"BreadcrumbList\",\"@id\":\"https:\/\/www.nautilusplus.com\/fr\/questionnaire\/#breadcrumb\",\"itemListElement\":[{\"@type\":\"ListItem\",\"position\":1,\"item\":{\"@type\":\"WebPage\",\"@id\":\"https:\/\/www.nautilusplus.com\/fr\/\",\"url\":\"https:\/\/www.nautilusplus.com\/fr\/\",\"name\":\"Home\"}},{\"@type\":\"ListItem\",\"position\":2,\"item\":{\"@id\":\"https:\/\/www.nautilusplus.com\/fr\/questionnaire\/#webpage\"}}]}]}<\/script>\r\n<!-- \/ Yoast SEO plugin. -->","_links":{"self":[{"href":"https:\/\/www.nautilusplus.com\/fr\/wp-json\/wp\/v2\/pages\/3754"}],"collection":[{"href":"https:\/\/www.nautilusplus.com\/fr\/wp-json\/wp\/v2\/pages"}],"about":[{"href":"https:\/\/www.nautilusplus.com\/fr\/wp-json\/wp\/v2\/types\/page"}],"author":[{"embeddable":true,"href":"https:\/\/www.nautilusplus.com\/fr\/wp-json\/wp\/v2\/users\/17"}],"replies":[{"embeddable":true,"href":"https:\/\/www.nautilusplus.com\/fr\/wp-json\/wp\/v2\/comments?post=3754"}],"version-history":[{"count":0,"href":"https:\/\/www.nautilusplus.com\/fr\/wp-json\/wp\/v2\/pages\/3754\/revisions"}],"wp:featuredmedia":[{"embeddable":true,"href":"https:\/\/www.nautilusplus.com\/fr\/wp-json\/wp\/v2\/media\/19583"}],"wp:attachment":[{"href":"https:\/\/www.nautilusplus.com\/fr\/wp-json\/wp\/v2\/media?parent=3754"}],"curies":[{"name":"wp","href":"https:\/\/api.w.org\/{rel}","templated":true}]}}