{"id":3753,"date":"2013-10-07T18:41:36","date_gmt":"2013-10-07T18:41:36","guid":{"rendered":"http:\/\/nautilus.dev\/?page_id=3753"},"modified":"2017-08-03T11:26:58","modified_gmt":"2017-08-03T15:26:58","slug":"performance-sportive","status":"publish","type":"page","link":"https:\/\/www.nautilusplus.com\/fr\/objectifs\/performance-sportive\/","title":{"rendered":"Performance sportive"},"content":{"rendered":"<p>Vous pratiquez la course \u00e0 pied, le v\u00e9lo ou le hockey et d\u00e9sirez am\u00e9liorer vos performances ou tout simplement \u00eatre pr\u00eat pour votre saison de ski ou de golf? Que vous soyez un athl\u00e8te de niveau international ou encore un sportif du dimanche, notre \u00e9quipe de formation universitaire, entra\u00eeneurs personnels et nutritionnistes, est en mesure\u00a0de vous proposer un programme d\u2019entra\u00eenement sp\u00e9cifique pour la pratique de votre discipline sportive ainsi qu\u2019un plan alimentaire adapt\u00e9 \u00e0 vos besoins pour\u00a0\u00eatre au sommet de votre potentiel sportif.<\/p>\n","protected":false},"excerpt":{"rendered":"<p>Vous pratiquez la course \u00e0 pied, le v\u00e9lo ou le hockey et d\u00e9sirez am\u00e9liorer vos performances ou tout simplement \u00eatre pr\u00eat pour votre saison de ski ou de golf? Que vous soyez un athl\u00e8te de niveau international ou encore un sportif du dimanche, notre \u00e9quipe de formation universitaire, entra\u00eeneurs personnels et nutritionnistes, est en mesure\u00a0de [&hellip;]<\/p>\n","protected":false},"author":17,"featured_media":11458,"parent":3748,"menu_order":2,"comment_status":"closed","ping_status":"closed","template":"page-objectives.php","meta":[],"yoast_head":"<!-- This site is optimized with the Yoast SEO plugin v16.3 - https:\/\/yoast.com\/wordpress\/plugins\/seo\/ -->\r\n<meta name=\"description\" content=\"Nautilus Plus vous aide \u00e0 augmenter vos performances sportives, que ce soit pour la course \u00e0 pied, le v\u00e9lo, le hockey, le golf, le ski et plus encore!\" \/>\r\n<meta name=\"robots\" content=\"index, follow, max-snippet:-1, max-image-preview:large, max-video-preview:-1\" \/>\r\n<link rel=\"canonical\" href=\"https:\/\/www.nautilusplus.com\/fr\/objectifs\/performance-sportive\/\" \/>\r\n<meta property=\"og:locale\" content=\"fr_FR\" \/>\r\n<meta property=\"og:type\" content=\"article\" \/>\r\n<meta property=\"og:title\" content=\"Augmenter vos performances sportives avec nos entra\u00eeneurs\" \/>\r\n<meta property=\"og:description\" content=\"Nautilus Plus vous aide \u00e0 augmenter vos performances sportives, que ce soit pour la course \u00e0 pied, le v\u00e9lo, le hockey, le golf, le ski et plus encore!\" \/>\r\n<meta property=\"og:url\" content=\"https:\/\/www.nautilusplus.com\/fr\/objectifs\/performance-sportive\/\" \/>\r\n<meta property=\"og:site_name\" content=\"Nautilus Plus\" \/>\r\n<meta property=\"article:modified_time\" content=\"2017-08-03T15:26:58+00:00\" \/>\r\n<meta property=\"og:image\" content=\"https:\/\/www.nautilusplus.com\/content\/uploads\/2013\/10\/perfosport.jpg\" \/>\r\n\t<meta property=\"og:image:width\" content=\"1920\" \/>\r\n\t<meta property=\"og:image:height\" content=\"873\" \/>\r\n<script type=\"application\/ld+json\" class=\"yoast-schema-graph\">{\"@context\":\"https:\/\/schema.org\",\"@graph\":[{\"@type\":\"WebSite\",\"@id\":\"https:\/\/www.nautilusplus.com\/fr\/#website\",\"url\":\"https:\/\/www.nautilusplus.com\/fr\/\",\"name\":\"Nautilus Plus\",\"description\":\"Plus qu&#039;un gym\",\"potentialAction\":[{\"@type\":\"SearchAction\",\"target\":\"https:\/\/www.nautilusplus.com\/fr\/?s={search_term_string}\",\"query-input\":\"required name=search_term_string\"}],\"inLanguage\":\"fr-FR\"},{\"@type\":\"ImageObject\",\"@id\":\"https:\/\/www.nautilusplus.com\/fr\/objectifs\/performance-sportive\/#primaryimage\",\"inLanguage\":\"fr-FR\",\"url\":\"https:\/\/www.nautilusplus.com\/content\/uploads\/2013\/10\/perfosport.jpg\",\"contentUrl\":\"https:\/\/www.nautilusplus.com\/content\/uploads\/2013\/10\/perfosport.jpg\",\"width\":1920,\"height\":873},{\"@type\":\"WebPage\",\"@id\":\"https:\/\/www.nautilusplus.com\/fr\/objectifs\/performance-sportive\/#webpage\",\"url\":\"https:\/\/www.nautilusplus.com\/fr\/objectifs\/performance-sportive\/\",\"name\":\"Augmenter vos performances sportives avec nos entra\\u00eeneurs\",\"isPartOf\":{\"@id\":\"https:\/\/www.nautilusplus.com\/fr\/#website\"},\"primaryImageOfPage\":{\"@id\":\"https:\/\/www.nautilusplus.com\/fr\/objectifs\/performance-sportive\/#primaryimage\"},\"datePublished\":\"2013-10-07T18:41:36+00:00\",\"dateModified\":\"2017-08-03T15:26:58+00:00\",\"description\":\"Nautilus Plus vous aide \\u00e0 augmenter vos performances sportives, que ce soit pour la course \\u00e0 pied, le v\\u00e9lo, le hockey, le golf, le ski et plus encore!\",\"breadcrumb\":{\"@id\":\"https:\/\/www.nautilusplus.com\/fr\/objectifs\/performance-sportive\/#breadcrumb\"},\"inLanguage\":\"fr-FR\",\"potentialAction\":[{\"@type\":\"ReadAction\",\"target\":[\"https:\/\/www.nautilusplus.com\/fr\/objectifs\/performance-sportive\/\"]}]},{\"@type\":\"BreadcrumbList\",\"@id\":\"https:\/\/www.nautilusplus.com\/fr\/objectifs\/performance-sportive\/#breadcrumb\",\"itemListElement\":[{\"@type\":\"ListItem\",\"position\":1,\"item\":{\"@type\":\"WebPage\",\"@id\":\"https:\/\/www.nautilusplus.com\/fr\/\",\"url\":\"https:\/\/www.nautilusplus.com\/fr\/\",\"name\":\"Home\"}},{\"@type\":\"ListItem\",\"position\":2,\"item\":{\"@type\":\"WebPage\",\"@id\":\"https:\/\/www.nautilusplus.com\/fr\/objectifs\/\",\"url\":\"https:\/\/www.nautilusplus.com\/fr\/objectifs\/\",\"name\":\"Objectifs\"}},{\"@type\":\"ListItem\",\"position\":3,\"item\":{\"@id\":\"https:\/\/www.nautilusplus.com\/fr\/objectifs\/performance-sportive\/#webpage\"}}]}]}<\/script>\r\n<!-- \/ Yoast SEO plugin. -->","_links":{"self":[{"href":"https:\/\/www.nautilusplus.com\/fr\/wp-json\/wp\/v2\/pages\/3753"}],"collection":[{"href":"https:\/\/www.nautilusplus.com\/fr\/wp-json\/wp\/v2\/pages"}],"about":[{"href":"https:\/\/www.nautilusplus.com\/fr\/wp-json\/wp\/v2\/types\/page"}],"author":[{"embeddable":true,"href":"https:\/\/www.nautilusplus.com\/fr\/wp-json\/wp\/v2\/users\/17"}],"replies":[{"embeddable":true,"href":"https:\/\/www.nautilusplus.com\/fr\/wp-json\/wp\/v2\/comments?post=3753"}],"version-history":[{"count":0,"href":"https:\/\/www.nautilusplus.com\/fr\/wp-json\/wp\/v2\/pages\/3753\/revisions"}],"up":[{"embeddable":true,"href":"https:\/\/www.nautilusplus.com\/fr\/wp-json\/wp\/v2\/pages\/3748"}],"wp:featuredmedia":[{"embeddable":true,"href":"https:\/\/www.nautilusplus.com\/fr\/wp-json\/wp\/v2\/media\/11458"}],"wp:attachment":[{"href":"https:\/\/www.nautilusplus.com\/fr\/wp-json\/wp\/v2\/media?parent=3753"}],"curies":[{"name":"wp","href":"https:\/\/api.w.org\/{rel}","templated":true}]}}