{"id":3752,"date":"2013-10-07T18:40:45","date_gmt":"2013-10-07T18:40:45","guid":{"rendered":"http:\/\/nautilus.dev\/?page_id=3752"},"modified":"2017-08-03T11:22:31","modified_gmt":"2017-08-03T15:22:31","slug":"perte-de-poids","status":"publish","type":"page","link":"https:\/\/www.nautilusplus.com\/fr\/objectifs\/perte-de-poids\/","title":{"rendered":"Perte de poids"},"content":{"rendered":"<p>Vous d\u00e9sirez atteindre votre objectif de perte de poids? Nos sp\u00e9cialistes sont en mesure de vous proposer une solution saine, s\u00e9curitaire et durable pour y arriver.\u00a0Parce que chez Nautilus Plus, vous \u00eates encadr\u00e9 par un personnel de formation universitaire, des nutritionnistes et des entra\u00eeneurs personnels qui ont la comp\u00e9tence pour vous prescrire un programme d\u2019entra\u00eenement taill\u00e9 sur mesure en fonction de vos objectifs et un plan alimentaire adapt\u00e9 \u00e0 vos besoins.<\/p>\n<h2><\/h2>\n","protected":false},"excerpt":{"rendered":"<p>Vous d\u00e9sirez atteindre votre objectif de perte de poids? Nos sp\u00e9cialistes sont en mesure de vous proposer une solution saine, s\u00e9curitaire et durable pour y arriver.\u00a0Parce que chez Nautilus Plus, vous \u00eates encadr\u00e9 par un personnel de formation universitaire, des nutritionnistes et des entra\u00eeneurs personnels qui ont la comp\u00e9tence pour vous prescrire un programme d\u2019entra\u00eenement [&hellip;]<\/p>\n","protected":false},"author":17,"featured_media":11459,"parent":3748,"menu_order":0,"comment_status":"closed","ping_status":"closed","template":"page-objectives.php","meta":[],"yoast_head":"<!-- This site is optimized with the Yoast SEO plugin v16.3 - https:\/\/yoast.com\/wordpress\/plugins\/seo\/ -->\r\n<meta name=\"description\" content=\"Nautilus Plus vous aide \u00e0 atteindre vos objectifs de perte de poids avec un programme d\u2019entra\u00eenement et un plan alimentaire adapt\u00e9s \u00e0 vos besoins.\" \/>\r\n<meta name=\"robots\" content=\"index, follow, max-snippet:-1, max-image-preview:large, max-video-preview:-1\" \/>\r\n<link rel=\"canonical\" href=\"https:\/\/www.nautilusplus.com\/fr\/objectifs\/perte-de-poids\/\" \/>\r\n<meta property=\"og:locale\" content=\"fr_FR\" \/>\r\n<meta property=\"og:type\" content=\"article\" \/>\r\n<meta property=\"og:title\" content=\"Perte de poids : D\u00e9couvrez comment y arriver sainement!\" \/>\r\n<meta property=\"og:description\" content=\"Nautilus Plus vous aide \u00e0 atteindre vos objectifs de perte de poids avec un programme d\u2019entra\u00eenement et un plan alimentaire adapt\u00e9s \u00e0 vos besoins.\" \/>\r\n<meta property=\"og:url\" content=\"https:\/\/www.nautilusplus.com\/fr\/objectifs\/perte-de-poids\/\" \/>\r\n<meta property=\"og:site_name\" content=\"Nautilus Plus\" \/>\r\n<meta property=\"article:modified_time\" content=\"2017-08-03T15:22:31+00:00\" \/>\r\n<meta property=\"og:image\" content=\"https:\/\/www.nautilusplus.com\/content\/uploads\/2013\/10\/pertedepoid.jpg\" \/>\r\n\t<meta property=\"og:image:width\" content=\"1920\" \/>\r\n\t<meta property=\"og:image:height\" content=\"873\" \/>\r\n<script type=\"application\/ld+json\" class=\"yoast-schema-graph\">{\"@context\":\"https:\/\/schema.org\",\"@graph\":[{\"@type\":\"WebSite\",\"@id\":\"https:\/\/www.nautilusplus.com\/fr\/#website\",\"url\":\"https:\/\/www.nautilusplus.com\/fr\/\",\"name\":\"Nautilus Plus\",\"description\":\"Plus qu&#039;un gym\",\"potentialAction\":[{\"@type\":\"SearchAction\",\"target\":\"https:\/\/www.nautilusplus.com\/fr\/?s={search_term_string}\",\"query-input\":\"required name=search_term_string\"}],\"inLanguage\":\"fr-FR\"},{\"@type\":\"ImageObject\",\"@id\":\"https:\/\/www.nautilusplus.com\/fr\/objectifs\/perte-de-poids\/#primaryimage\",\"inLanguage\":\"fr-FR\",\"url\":\"https:\/\/www.nautilusplus.com\/content\/uploads\/2013\/10\/pertedepoid.jpg\",\"contentUrl\":\"https:\/\/www.nautilusplus.com\/content\/uploads\/2013\/10\/pertedepoid.jpg\",\"width\":1920,\"height\":873,\"caption\":\"perte de poids\"},{\"@type\":\"WebPage\",\"@id\":\"https:\/\/www.nautilusplus.com\/fr\/objectifs\/perte-de-poids\/#webpage\",\"url\":\"https:\/\/www.nautilusplus.com\/fr\/objectifs\/perte-de-poids\/\",\"name\":\"Perte de poids : D\\u00e9couvrez comment y arriver sainement!\",\"isPartOf\":{\"@id\":\"https:\/\/www.nautilusplus.com\/fr\/#website\"},\"primaryImageOfPage\":{\"@id\":\"https:\/\/www.nautilusplus.com\/fr\/objectifs\/perte-de-poids\/#primaryimage\"},\"datePublished\":\"2013-10-07T18:40:45+00:00\",\"dateModified\":\"2017-08-03T15:22:31+00:00\",\"description\":\"Nautilus Plus vous aide \\u00e0 atteindre vos objectifs de perte de poids avec un programme d\\u2019entra\\u00eenement et un plan alimentaire adapt\\u00e9s \\u00e0 vos besoins.\",\"breadcrumb\":{\"@id\":\"https:\/\/www.nautilusplus.com\/fr\/objectifs\/perte-de-poids\/#breadcrumb\"},\"inLanguage\":\"fr-FR\",\"potentialAction\":[{\"@type\":\"ReadAction\",\"target\":[\"https:\/\/www.nautilusplus.com\/fr\/objectifs\/perte-de-poids\/\"]}]},{\"@type\":\"BreadcrumbList\",\"@id\":\"https:\/\/www.nautilusplus.com\/fr\/objectifs\/perte-de-poids\/#breadcrumb\",\"itemListElement\":[{\"@type\":\"ListItem\",\"position\":1,\"item\":{\"@type\":\"WebPage\",\"@id\":\"https:\/\/www.nautilusplus.com\/fr\/\",\"url\":\"https:\/\/www.nautilusplus.com\/fr\/\",\"name\":\"Home\"}},{\"@type\":\"ListItem\",\"position\":2,\"item\":{\"@type\":\"WebPage\",\"@id\":\"https:\/\/www.nautilusplus.com\/fr\/objectifs\/\",\"url\":\"https:\/\/www.nautilusplus.com\/fr\/objectifs\/\",\"name\":\"Objectifs\"}},{\"@type\":\"ListItem\",\"position\":3,\"item\":{\"@id\":\"https:\/\/www.nautilusplus.com\/fr\/objectifs\/perte-de-poids\/#webpage\"}}]}]}<\/script>\r\n<!-- \/ Yoast SEO plugin. -->","_links":{"self":[{"href":"https:\/\/www.nautilusplus.com\/fr\/wp-json\/wp\/v2\/pages\/3752"}],"collection":[{"href":"https:\/\/www.nautilusplus.com\/fr\/wp-json\/wp\/v2\/pages"}],"about":[{"href":"https:\/\/www.nautilusplus.com\/fr\/wp-json\/wp\/v2\/types\/page"}],"author":[{"embeddable":true,"href":"https:\/\/www.nautilusplus.com\/fr\/wp-json\/wp\/v2\/users\/17"}],"replies":[{"embeddable":true,"href":"https:\/\/www.nautilusplus.com\/fr\/wp-json\/wp\/v2\/comments?post=3752"}],"version-history":[{"count":0,"href":"https:\/\/www.nautilusplus.com\/fr\/wp-json\/wp\/v2\/pages\/3752\/revisions"}],"up":[{"embeddable":true,"href":"https:\/\/www.nautilusplus.com\/fr\/wp-json\/wp\/v2\/pages\/3748"}],"wp:featuredmedia":[{"embeddable":true,"href":"https:\/\/www.nautilusplus.com\/fr\/wp-json\/wp\/v2\/media\/11459"}],"wp:attachment":[{"href":"https:\/\/www.nautilusplus.com\/fr\/wp-json\/wp\/v2\/media?parent=3752"}],"curies":[{"name":"wp","href":"https:\/\/api.w.org\/{rel}","templated":true}]}}