{"id":3749,"date":"2013-10-07T18:37:18","date_gmt":"2013-10-07T18:37:18","guid":{"rendered":"http:\/\/nautilus.dev\/?page_id=3749"},"modified":"2017-08-03T11:32:02","modified_gmt":"2017-08-03T15:32:02","slug":"meilleure-sante","status":"publish","type":"page","link":"https:\/\/www.nautilusplus.com\/fr\/objectifs\/meilleure-sante\/","title":{"rendered":"Meilleure sant\u00e9"},"content":{"rendered":"<p>Vous \u00eates pr\u00e9occup\u00e9 par votre \u00e9tat de sant\u00e9 et d\u00e9sirez mettre \u00e0 profit les nombreux b\u00e9n\u00e9fices que procurent l\u2019exercice et la saine alimentation?\u00a0Nos sp\u00e9cialistes en nutrition et en conditionnement physique, tous de formation universitaire, vous proposeront une solution taill\u00e9e sur mesure, en fonction de vos besoins, afin de vous permettre d\u2019am\u00e9liorer votre bilan de sant\u00e9 et votre qualit\u00e9 de vie de fa\u00e7on progressive, s\u00e9curitaire et motivante.<\/p>\n","protected":false},"excerpt":{"rendered":"<p>Vous \u00eates pr\u00e9occup\u00e9 par votre \u00e9tat de sant\u00e9 et d\u00e9sirez mettre \u00e0 profit les nombreux b\u00e9n\u00e9fices que procurent l\u2019exercice et la saine alimentation?\u00a0Nos sp\u00e9cialistes en nutrition et en conditionnement physique, tous de formation universitaire, vous proposeront une solution taill\u00e9e sur mesure, en fonction de vos besoins, afin de vous permettre d\u2019am\u00e9liorer votre bilan de sant\u00e9 [&hellip;]<\/p>\n","protected":false},"author":17,"featured_media":11457,"parent":3748,"menu_order":4,"comment_status":"closed","ping_status":"closed","template":"page-objectives_4blocs.php","meta":[],"yoast_head":"<!-- This site is optimized with the Yoast SEO plugin v16.3 - https:\/\/yoast.com\/wordpress\/plugins\/seo\/ -->\r\n<meta name=\"description\" content=\"Les entra\u00eeneurs et nutritionnistes de Nautilus Plus vous aideront \u00e0 avoir une meilleure sant\u00e9 en vous proposant une solution adapt\u00e9e \u00e0 vos besoins.\" \/>\r\n<meta name=\"robots\" content=\"index, follow, max-snippet:-1, max-image-preview:large, max-video-preview:-1\" \/>\r\n<link rel=\"canonical\" href=\"https:\/\/www.nautilusplus.com\/fr\/objectifs\/meilleure-sante\/\" \/>\r\n<meta property=\"og:locale\" content=\"fr_FR\" \/>\r\n<meta property=\"og:type\" content=\"article\" \/>\r\n<meta property=\"og:title\" content=\"Une meilleure sant\u00e9 am\u00e9liorera votre qualit\u00e9 de vie\" \/>\r\n<meta property=\"og:description\" content=\"Les entra\u00eeneurs et nutritionnistes de Nautilus Plus vous aideront \u00e0 avoir une meilleure sant\u00e9 en vous proposant une solution adapt\u00e9e \u00e0 vos besoins.\" \/>\r\n<meta property=\"og:url\" content=\"https:\/\/www.nautilusplus.com\/fr\/objectifs\/meilleure-sante\/\" \/>\r\n<meta property=\"og:site_name\" content=\"Nautilus Plus\" \/>\r\n<meta property=\"article:modified_time\" content=\"2017-08-03T15:32:02+00:00\" \/>\r\n<meta property=\"og:image\" content=\"https:\/\/www.nautilusplus.com\/content\/uploads\/2013\/10\/meilleursante-.jpg\" \/>\r\n\t<meta property=\"og:image:width\" content=\"1920\" \/>\r\n\t<meta property=\"og:image:height\" content=\"873\" \/>\r\n<script type=\"application\/ld+json\" class=\"yoast-schema-graph\">{\"@context\":\"https:\/\/schema.org\",\"@graph\":[{\"@type\":\"WebSite\",\"@id\":\"https:\/\/www.nautilusplus.com\/fr\/#website\",\"url\":\"https:\/\/www.nautilusplus.com\/fr\/\",\"name\":\"Nautilus Plus\",\"description\":\"Plus qu&#039;un gym\",\"potentialAction\":[{\"@type\":\"SearchAction\",\"target\":\"https:\/\/www.nautilusplus.com\/fr\/?s={search_term_string}\",\"query-input\":\"required name=search_term_string\"}],\"inLanguage\":\"fr-FR\"},{\"@type\":\"ImageObject\",\"@id\":\"https:\/\/www.nautilusplus.com\/fr\/objectifs\/meilleure-sante\/#primaryimage\",\"inLanguage\":\"fr-FR\",\"url\":\"https:\/\/www.nautilusplus.com\/content\/uploads\/2013\/10\/meilleursante-.jpg\",\"contentUrl\":\"https:\/\/www.nautilusplus.com\/content\/uploads\/2013\/10\/meilleursante-.jpg\",\"width\":1920,\"height\":873},{\"@type\":\"WebPage\",\"@id\":\"https:\/\/www.nautilusplus.com\/fr\/objectifs\/meilleure-sante\/#webpage\",\"url\":\"https:\/\/www.nautilusplus.com\/fr\/objectifs\/meilleure-sante\/\",\"name\":\"Une meilleure sant\\u00e9 am\\u00e9liorera votre qualit\\u00e9 de vie\",\"isPartOf\":{\"@id\":\"https:\/\/www.nautilusplus.com\/fr\/#website\"},\"primaryImageOfPage\":{\"@id\":\"https:\/\/www.nautilusplus.com\/fr\/objectifs\/meilleure-sante\/#primaryimage\"},\"datePublished\":\"2013-10-07T18:37:18+00:00\",\"dateModified\":\"2017-08-03T15:32:02+00:00\",\"description\":\"Les entra\\u00eeneurs et nutritionnistes de Nautilus Plus vous aideront \\u00e0 avoir une meilleure sant\\u00e9 en vous proposant une solution adapt\\u00e9e \\u00e0 vos besoins.\",\"breadcrumb\":{\"@id\":\"https:\/\/www.nautilusplus.com\/fr\/objectifs\/meilleure-sante\/#breadcrumb\"},\"inLanguage\":\"fr-FR\",\"potentialAction\":[{\"@type\":\"ReadAction\",\"target\":[\"https:\/\/www.nautilusplus.com\/fr\/objectifs\/meilleure-sante\/\"]}]},{\"@type\":\"BreadcrumbList\",\"@id\":\"https:\/\/www.nautilusplus.com\/fr\/objectifs\/meilleure-sante\/#breadcrumb\",\"itemListElement\":[{\"@type\":\"ListItem\",\"position\":1,\"item\":{\"@type\":\"WebPage\",\"@id\":\"https:\/\/www.nautilusplus.com\/fr\/\",\"url\":\"https:\/\/www.nautilusplus.com\/fr\/\",\"name\":\"Home\"}},{\"@type\":\"ListItem\",\"position\":2,\"item\":{\"@type\":\"WebPage\",\"@id\":\"https:\/\/www.nautilusplus.com\/fr\/objectifs\/\",\"url\":\"https:\/\/www.nautilusplus.com\/fr\/objectifs\/\",\"name\":\"Objectifs\"}},{\"@type\":\"ListItem\",\"position\":3,\"item\":{\"@id\":\"https:\/\/www.nautilusplus.com\/fr\/objectifs\/meilleure-sante\/#webpage\"}}]}]}<\/script>\r\n<!-- \/ Yoast SEO plugin. -->","_links":{"self":[{"href":"https:\/\/www.nautilusplus.com\/fr\/wp-json\/wp\/v2\/pages\/3749"}],"collection":[{"href":"https:\/\/www.nautilusplus.com\/fr\/wp-json\/wp\/v2\/pages"}],"about":[{"href":"https:\/\/www.nautilusplus.com\/fr\/wp-json\/wp\/v2\/types\/page"}],"author":[{"embeddable":true,"href":"https:\/\/www.nautilusplus.com\/fr\/wp-json\/wp\/v2\/users\/17"}],"replies":[{"embeddable":true,"href":"https:\/\/www.nautilusplus.com\/fr\/wp-json\/wp\/v2\/comments?post=3749"}],"version-history":[{"count":0,"href":"https:\/\/www.nautilusplus.com\/fr\/wp-json\/wp\/v2\/pages\/3749\/revisions"}],"up":[{"embeddable":true,"href":"https:\/\/www.nautilusplus.com\/fr\/wp-json\/wp\/v2\/pages\/3748"}],"wp:featuredmedia":[{"embeddable":true,"href":"https:\/\/www.nautilusplus.com\/fr\/wp-json\/wp\/v2\/media\/11457"}],"wp:attachment":[{"href":"https:\/\/www.nautilusplus.com\/fr\/wp-json\/wp\/v2\/media?parent=3749"}],"curies":[{"name":"wp","href":"https:\/\/api.w.org\/{rel}","templated":true}]}}