{"id":3747,"date":"2013-10-07T18:26:02","date_gmt":"2013-10-07T18:26:02","guid":{"rendered":"http:\/\/nautilus.dev\/?page_id=3747"},"modified":"2020-06-30T12:19:16","modified_gmt":"2020-06-30T16:19:16","slug":"cours-de-groupe","status":"publish","type":"page","link":"https:\/\/www.nautilusplus.com\/fr\/cours-de-groupe\/","title":{"rendered":"Cours de groupe"},"content":{"rendered":"<p>Nous offrons un \u00e9ventail quasi illimit\u00e9 de cours de groupe pour tous les niveaux selon vos go\u00fbts de l\u2019ouverture \u00e0 la fermeture de la succursale. Si vous \u00eates seul ou accompagn\u00e9 de quelques personnes, vous pouvez opter pour les cours sur DVD anim\u00e9s par Karine Larose. Vous pouvez aussi joindre un cours de groupe \u00e0 l\u2019horaire conduit par un animateur chevronn\u00e9.<\/p>\n<p>Inscription obligatoire. Un minimum de 12 participants est requis durant la session pour maintenir un cours. Tous les cours de groupe sont inclus dans votre abonnement annuel \u00e0 l\u2019exception du v\u00e9lo stationnaire en groupe.<\/p>\n","protected":false},"excerpt":{"rendered":"<p>Nous offrons un \u00e9ventail quasi illimit\u00e9 de cours de groupe pour tous les niveaux selon vos go\u00fbts de l\u2019ouverture \u00e0 la fermeture de la succursale. Si vous \u00eates seul ou accompagn\u00e9 de quelques personnes, vous pouvez opter pour les cours sur DVD anim\u00e9s par Karine Larose. Vous pouvez aussi joindre un cours de groupe \u00e0 [&hellip;]<\/p>\n","protected":false},"author":17,"featured_media":16078,"parent":0,"menu_order":0,"comment_status":"closed","ping_status":"closed","template":"page-groupclass.php","meta":[],"yoast_head":"<!-- This site is optimized with the Yoast SEO plugin v16.3 - https:\/\/yoast.com\/wordpress\/plugins\/seo\/ -->\r\n<meta name=\"description\" content=\"Chez Nautilus Plus vous profitez d&#039;une vari\u00e9t\u00e9 de cours de groupe : Powerfit, Zumba, Bootcamp, Yoga, Kick Boxing, Abdosolution, Danse, Pilates et plus!\" \/>\r\n<meta name=\"robots\" content=\"index, follow, max-snippet:-1, max-image-preview:large, max-video-preview:-1\" \/>\r\n<link rel=\"canonical\" href=\"https:\/\/www.nautilusplus.com\/fr\/cours-de-groupe\/\" \/>\r\n<meta property=\"og:locale\" content=\"fr_FR\" \/>\r\n<meta property=\"og:type\" content=\"article\" \/>\r\n<meta property=\"og:title\" content=\"Cours de groupe pour tous les go\u00fbts et tous les niveaux\" \/>\r\n<meta property=\"og:description\" content=\"Chez Nautilus Plus vous profitez d&#039;une vari\u00e9t\u00e9 de cours de groupe : Powerfit, Zumba, Bootcamp, Yoga, Kick Boxing, Abdosolution, Danse, Pilates et plus!\" \/>\r\n<meta property=\"og:url\" content=\"https:\/\/www.nautilusplus.com\/fr\/cours-de-groupe\/\" \/>\r\n<meta property=\"og:site_name\" content=\"Nautilus Plus\" \/>\r\n<meta property=\"article:modified_time\" content=\"2020-06-30T16:19:16+00:00\" \/>\r\n<meta property=\"og:image\" content=\"https:\/\/www.nautilusplus.com\/content\/uploads\/2013\/10\/cardio-tonus3.jpg\" \/>\r\n\t<meta property=\"og:image:width\" content=\"1920\" \/>\r\n\t<meta property=\"og:image:height\" content=\"873\" \/>\r\n<meta name=\"twitter:label1\" content=\"Est. reading time\">\n\t<meta name=\"twitter:data1\" content=\"1 minute\">\r\n<script type=\"application\/ld+json\" class=\"yoast-schema-graph\">{\"@context\":\"https:\/\/schema.org\",\"@graph\":[{\"@type\":\"WebSite\",\"@id\":\"https:\/\/www.nautilusplus.com\/fr\/#website\",\"url\":\"https:\/\/www.nautilusplus.com\/fr\/\",\"name\":\"Nautilus Plus\",\"description\":\"Plus qu&#039;un gym\",\"potentialAction\":[{\"@type\":\"SearchAction\",\"target\":\"https:\/\/www.nautilusplus.com\/fr\/?s={search_term_string}\",\"query-input\":\"required name=search_term_string\"}],\"inLanguage\":\"fr-FR\"},{\"@type\":\"ImageObject\",\"@id\":\"https:\/\/www.nautilusplus.com\/fr\/cours-de-groupe\/#primaryimage\",\"inLanguage\":\"fr-FR\",\"url\":\"https:\/\/www.nautilusplus.com\/content\/uploads\/2013\/10\/cardio-tonus3.jpg\",\"contentUrl\":\"https:\/\/www.nautilusplus.com\/content\/uploads\/2013\/10\/cardio-tonus3.jpg\",\"width\":1920,\"height\":873,\"caption\":\"cours de groupe\"},{\"@type\":\"WebPage\",\"@id\":\"https:\/\/www.nautilusplus.com\/fr\/cours-de-groupe\/#webpage\",\"url\":\"https:\/\/www.nautilusplus.com\/fr\/cours-de-groupe\/\",\"name\":\"Cours de groupe pour tous les go\\u00fbts et tous les niveaux\",\"isPartOf\":{\"@id\":\"https:\/\/www.nautilusplus.com\/fr\/#website\"},\"primaryImageOfPage\":{\"@id\":\"https:\/\/www.nautilusplus.com\/fr\/cours-de-groupe\/#primaryimage\"},\"datePublished\":\"2013-10-07T18:26:02+00:00\",\"dateModified\":\"2020-06-30T16:19:16+00:00\",\"description\":\"Chez Nautilus Plus vous profitez d'une vari\\u00e9t\\u00e9 de cours de groupe : Powerfit, Zumba, Bootcamp, Yoga, Kick Boxing, Abdosolution, Danse, Pilates et plus!\",\"breadcrumb\":{\"@id\":\"https:\/\/www.nautilusplus.com\/fr\/cours-de-groupe\/#breadcrumb\"},\"inLanguage\":\"fr-FR\",\"potentialAction\":[{\"@type\":\"ReadAction\",\"target\":[\"https:\/\/www.nautilusplus.com\/fr\/cours-de-groupe\/\"]}]},{\"@type\":\"BreadcrumbList\",\"@id\":\"https:\/\/www.nautilusplus.com\/fr\/cours-de-groupe\/#breadcrumb\",\"itemListElement\":[{\"@type\":\"ListItem\",\"position\":1,\"item\":{\"@type\":\"WebPage\",\"@id\":\"https:\/\/www.nautilusplus.com\/fr\/\",\"url\":\"https:\/\/www.nautilusplus.com\/fr\/\",\"name\":\"Home\"}},{\"@type\":\"ListItem\",\"position\":2,\"item\":{\"@id\":\"https:\/\/www.nautilusplus.com\/fr\/cours-de-groupe\/#webpage\"}}]}]}<\/script>\r\n<!-- \/ Yoast SEO plugin. -->","_links":{"self":[{"href":"https:\/\/www.nautilusplus.com\/fr\/wp-json\/wp\/v2\/pages\/3747"}],"collection":[{"href":"https:\/\/www.nautilusplus.com\/fr\/wp-json\/wp\/v2\/pages"}],"about":[{"href":"https:\/\/www.nautilusplus.com\/fr\/wp-json\/wp\/v2\/types\/page"}],"author":[{"embeddable":true,"href":"https:\/\/www.nautilusplus.com\/fr\/wp-json\/wp\/v2\/users\/17"}],"replies":[{"embeddable":true,"href":"https:\/\/www.nautilusplus.com\/fr\/wp-json\/wp\/v2\/comments?post=3747"}],"version-history":[{"count":0,"href":"https:\/\/www.nautilusplus.com\/fr\/wp-json\/wp\/v2\/pages\/3747\/revisions"}],"wp:featuredmedia":[{"embeddable":true,"href":"https:\/\/www.nautilusplus.com\/fr\/wp-json\/wp\/v2\/media\/16078"}],"wp:attachment":[{"href":"https:\/\/www.nautilusplus.com\/fr\/wp-json\/wp\/v2\/media?parent=3747"}],"curies":[{"name":"wp","href":"https:\/\/api.w.org\/{rel}","templated":true}]}}