{"id":3745,"date":"2013-10-07T18:06:54","date_gmt":"2013-10-07T18:06:54","guid":{"rendered":"http:\/\/nautilus.dev\/?page_id=3745"},"modified":"2020-06-30T12:14:35","modified_gmt":"2020-06-30T16:14:35","slug":"contactez-nous","status":"publish","type":"page","link":"https:\/\/www.nautilusplus.com\/fr\/contactez-nous\/","title":{"rendered":"Contact"},"content":{"rendered":"<p style=\"text-align: left;\">Voulez-vous nous contacter? Que ce soit par <strong>t\u00e9l\u00e9phone<\/strong>, par <strong>courriel<\/strong>, par la <strong>poste<\/strong> ou par <strong>t\u00e9l\u00e9copieur<\/strong>, tous ces moyens sont bons pour nous joindre. Nous sommes heureux de vous aider de quelque fa\u00e7on que ce soit. N&rsquo;h\u00e9sitez pas \u00e0 prendre contact avec le service \u00e0 la client\u00e8le de notre si\u00e8ge social.<\/p>\n","protected":false},"excerpt":{"rendered":"<p>Voulez-vous nous contacter? Que ce soit par t\u00e9l\u00e9phone, par courriel, par la poste ou par t\u00e9l\u00e9copieur, tous ces moyens sont bons pour nous joindre. Nous sommes heureux de vous aider de quelque fa\u00e7on que ce soit. N&rsquo;h\u00e9sitez pas \u00e0 prendre contact avec le service \u00e0 la client\u00e8le de notre si\u00e8ge social.<\/p>\n","protected":false},"author":17,"featured_media":19053,"parent":0,"menu_order":0,"comment_status":"closed","ping_status":"closed","template":"page-contact.php","meta":[],"yoast_head":"<!-- This site is optimized with the Yoast SEO plugin v16.3 - https:\/\/yoast.com\/wordpress\/plugins\/seo\/ -->\r\n<meta name=\"description\" content=\"Consulter cette page afin d&#039;entrer en contact avec nous.\" \/>\r\n<meta name=\"robots\" content=\"index, follow, max-snippet:-1, max-image-preview:large, max-video-preview:-1\" \/>\r\n<link rel=\"canonical\" href=\"https:\/\/www.nautilusplus.com\/fr\/contactez-nous\/\" \/>\r\n<meta property=\"og:locale\" content=\"fr_FR\" \/>\r\n<meta property=\"og:type\" content=\"article\" \/>\r\n<meta property=\"og:title\" content=\"Nautilus Plus - Contact\" \/>\r\n<meta property=\"og:description\" content=\"Consulter cette page afin d&#039;entrer en contact avec nous.\" \/>\r\n<meta property=\"og:url\" content=\"https:\/\/www.nautilusplus.com\/fr\/contactez-nous\/\" \/>\r\n<meta property=\"og:site_name\" content=\"Nautilus Plus\" \/>\r\n<meta property=\"article:modified_time\" content=\"2020-06-30T16:14:35+00:00\" \/>\r\n<meta property=\"og:image\" content=\"https:\/\/www.nautilusplus.com\/content\/uploads\/2013\/09\/contact-bg.jpg\" \/>\r\n\t<meta property=\"og:image:width\" content=\"1920\" \/>\r\n\t<meta property=\"og:image:height\" content=\"873\" \/>\r\n<script type=\"application\/ld+json\" class=\"yoast-schema-graph\">{\"@context\":\"https:\/\/schema.org\",\"@graph\":[{\"@type\":\"WebSite\",\"@id\":\"https:\/\/www.nautilusplus.com\/fr\/#website\",\"url\":\"https:\/\/www.nautilusplus.com\/fr\/\",\"name\":\"Nautilus Plus\",\"description\":\"Plus qu&#039;un gym\",\"potentialAction\":[{\"@type\":\"SearchAction\",\"target\":\"https:\/\/www.nautilusplus.com\/fr\/?s={search_term_string}\",\"query-input\":\"required name=search_term_string\"}],\"inLanguage\":\"fr-FR\"},{\"@type\":\"ImageObject\",\"@id\":\"https:\/\/www.nautilusplus.com\/fr\/contactez-nous\/#primaryimage\",\"inLanguage\":\"fr-FR\",\"url\":\"https:\/\/www.nautilusplus.com\/content\/uploads\/2013\/09\/contact-bg.jpg\",\"contentUrl\":\"https:\/\/www.nautilusplus.com\/content\/uploads\/2013\/09\/contact-bg.jpg\",\"width\":1920,\"height\":873},{\"@type\":\"WebPage\",\"@id\":\"https:\/\/www.nautilusplus.com\/fr\/contactez-nous\/#webpage\",\"url\":\"https:\/\/www.nautilusplus.com\/fr\/contactez-nous\/\",\"name\":\"Nautilus Plus - Contact\",\"isPartOf\":{\"@id\":\"https:\/\/www.nautilusplus.com\/fr\/#website\"},\"primaryImageOfPage\":{\"@id\":\"https:\/\/www.nautilusplus.com\/fr\/contactez-nous\/#primaryimage\"},\"datePublished\":\"2013-10-07T18:06:54+00:00\",\"dateModified\":\"2020-06-30T16:14:35+00:00\",\"description\":\"Consulter cette page afin d'entrer en contact avec nous.\",\"breadcrumb\":{\"@id\":\"https:\/\/www.nautilusplus.com\/fr\/contactez-nous\/#breadcrumb\"},\"inLanguage\":\"fr-FR\",\"potentialAction\":[{\"@type\":\"ReadAction\",\"target\":[\"https:\/\/www.nautilusplus.com\/fr\/contactez-nous\/\"]}]},{\"@type\":\"BreadcrumbList\",\"@id\":\"https:\/\/www.nautilusplus.com\/fr\/contactez-nous\/#breadcrumb\",\"itemListElement\":[{\"@type\":\"ListItem\",\"position\":1,\"item\":{\"@type\":\"WebPage\",\"@id\":\"https:\/\/www.nautilusplus.com\/fr\/\",\"url\":\"https:\/\/www.nautilusplus.com\/fr\/\",\"name\":\"Home\"}},{\"@type\":\"ListItem\",\"position\":2,\"item\":{\"@id\":\"https:\/\/www.nautilusplus.com\/fr\/contactez-nous\/#webpage\"}}]}]}<\/script>\r\n<!-- \/ Yoast SEO plugin. -->","_links":{"self":[{"href":"https:\/\/www.nautilusplus.com\/fr\/wp-json\/wp\/v2\/pages\/3745"}],"collection":[{"href":"https:\/\/www.nautilusplus.com\/fr\/wp-json\/wp\/v2\/pages"}],"about":[{"href":"https:\/\/www.nautilusplus.com\/fr\/wp-json\/wp\/v2\/types\/page"}],"author":[{"embeddable":true,"href":"https:\/\/www.nautilusplus.com\/fr\/wp-json\/wp\/v2\/users\/17"}],"replies":[{"embeddable":true,"href":"https:\/\/www.nautilusplus.com\/fr\/wp-json\/wp\/v2\/comments?post=3745"}],"version-history":[{"count":0,"href":"https:\/\/www.nautilusplus.com\/fr\/wp-json\/wp\/v2\/pages\/3745\/revisions"}],"wp:featuredmedia":[{"embeddable":true,"href":"https:\/\/www.nautilusplus.com\/fr\/wp-json\/wp\/v2\/media\/19053"}],"wp:attachment":[{"href":"https:\/\/www.nautilusplus.com\/fr\/wp-json\/wp\/v2\/media?parent=3745"}],"curies":[{"name":"wp","href":"https:\/\/api.w.org\/{rel}","templated":true}]}}