{"id":3738,"date":"2013-10-07T17:46:43","date_gmt":"2013-10-07T17:46:43","guid":{"rendered":"http:\/\/nautilus.dev\/?page_id=3738"},"modified":"2022-03-17T10:03:24","modified_gmt":"2022-03-17T14:03:24","slug":"blogue","status":"publish","type":"page","link":"https:\/\/www.nautilusplus.com\/fr\/blogue\/","title":{"rendered":"Le Blogue"},"content":{"rendered":"<p><strong>Se prendre en main<\/strong> peut para\u00eetre complexe : perdre du poids, bien manger, faire de l\u2019exercice et surtout, demeurer motiv\u00e9! Avec ce blogue vous pourrez vous prendre en main de fa\u00e7on saine et efficace!<\/p>\n<p>D\u00e9couvrez des <strong>conseils pratiques<\/strong> sur l\u2019<strong>alimentation<\/strong>, l\u2019<strong>exercice<\/strong>, la <strong>motivation<\/strong>, des <strong>programmes d\u2019entra\u00eenement<\/strong> pour perdre du poids ou gagner de la masse musculaire ainsi que des <strong>recettes<\/strong> sant\u00e9 et savoureuses!<\/p>\n","protected":false},"excerpt":{"rendered":"<p>Se prendre en main peut para\u00eetre complexe : perdre du poids, bien manger, faire de l\u2019exercice et surtout, demeurer motiv\u00e9! Avec ce blogue vous pourrez vous prendre en main de fa\u00e7on saine et efficace! D\u00e9couvrez des conseils pratiques sur l\u2019alimentation, l\u2019exercice, la motivation, des programmes d\u2019entra\u00eenement pour perdre du poids ou gagner de la masse [&hellip;]<\/p>\n","protected":false},"author":17,"featured_media":39874,"parent":0,"menu_order":0,"comment_status":"closed","ping_status":"closed","template":"","meta":[],"yoast_head":"<!-- This site is optimized with the Yoast SEO plugin v16.3 - https:\/\/yoast.com\/wordpress\/plugins\/seo\/ -->\r\n<meta name=\"description\" content=\"D\u00e9couvrez notre blogue sur NautilusPlus.com\" \/>\r\n<meta name=\"robots\" content=\"index, follow, max-snippet:-1, max-image-preview:large, max-video-preview:-1\" \/>\r\n<link rel=\"canonical\" href=\"https:\/\/www.nautilusplus.com\/fr\/blogue\/\" \/>\r\n<meta property=\"og:locale\" content=\"fr_FR\" \/>\r\n<meta property=\"og:type\" content=\"article\" \/>\r\n<meta property=\"og:title\" content=\"Blogue Nautilus Plus\" \/>\r\n<meta property=\"og:description\" content=\"D\u00e9couvrez notre blogue sur NautilusPlus.com\" \/>\r\n<meta property=\"og:url\" content=\"https:\/\/www.nautilusplus.com\/fr\/blogue\/\" \/>\r\n<meta property=\"og:site_name\" content=\"Nautilus Plus\" \/>\r\n<meta property=\"article:modified_time\" content=\"2022-03-17T14:03:24+00:00\" \/>\r\n<meta property=\"og:image\" content=\"https:\/\/www.nautilusplus.com\/content\/uploads\/2022\/03\/OG-IMG.jpg\" \/>\r\n\t<meta property=\"og:image:width\" content=\"1200\" \/>\r\n\t<meta property=\"og:image:height\" content=\"798\" \/>\r\n<meta name=\"twitter:label1\" content=\"Est. reading time\">\n\t<meta name=\"twitter:data1\" content=\"1 minute\">\r\n<script type=\"application\/ld+json\" class=\"yoast-schema-graph\">{\"@context\":\"https:\/\/schema.org\",\"@graph\":[{\"@type\":\"WebSite\",\"@id\":\"https:\/\/www.nautilusplus.com\/#website\",\"url\":\"https:\/\/www.nautilusplus.com\/\",\"name\":\"Nautilus Plus\",\"description\":\"Plus qu&#039;un gym\",\"potentialAction\":[{\"@type\":\"SearchAction\",\"target\":\"https:\/\/www.nautilusplus.com\/?s={search_term_string}\",\"query-input\":\"required name=search_term_string\"}],\"inLanguage\":\"fr-FR\"},{\"@type\":\"ImageObject\",\"@id\":\"https:\/\/www.nautilusplus.com\/fr\/blogue\/#primaryimage\",\"inLanguage\":\"fr-FR\",\"url\":\"https:\/\/www.nautilusplus.com\/content\/uploads\/2022\/03\/OG-IMG.jpg\",\"contentUrl\":\"https:\/\/www.nautilusplus.com\/content\/uploads\/2022\/03\/OG-IMG.jpg\",\"width\":1200,\"height\":798},{\"@type\":[\"WebPage\",\"CollectionPage\"],\"@id\":\"https:\/\/www.nautilusplus.com\/fr\/blogue\/#webpage\",\"url\":\"https:\/\/www.nautilusplus.com\/fr\/blogue\/\",\"name\":\"Blogue Nautilus Plus\",\"isPartOf\":{\"@id\":\"https:\/\/www.nautilusplus.com\/#website\"},\"primaryImageOfPage\":{\"@id\":\"https:\/\/www.nautilusplus.com\/fr\/blogue\/#primaryimage\"},\"datePublished\":\"2013-10-07T17:46:43+00:00\",\"dateModified\":\"2022-03-17T14:03:24+00:00\",\"description\":\"D\\u00e9couvrez notre blogue sur NautilusPlus.com\",\"breadcrumb\":{\"@id\":\"https:\/\/www.nautilusplus.com\/fr\/blogue\/#breadcrumb\"},\"inLanguage\":\"fr-FR\",\"potentialAction\":[{\"@type\":\"ReadAction\",\"target\":[\"https:\/\/www.nautilusplus.com\/fr\/blogue\/\"]}]},{\"@type\":\"BreadcrumbList\",\"@id\":\"https:\/\/www.nautilusplus.com\/fr\/blogue\/#breadcrumb\",\"itemListElement\":[{\"@type\":\"ListItem\",\"position\":1,\"item\":{\"@type\":\"WebPage\",\"@id\":\"https:\/\/www.nautilusplus.com\/fr\/\",\"url\":\"https:\/\/www.nautilusplus.com\/fr\/\",\"name\":\"Home\"}},{\"@type\":\"ListItem\",\"position\":2,\"item\":{\"@id\":\"https:\/\/www.nautilusplus.com\/fr\/blogue\/#webpage\"}}]}]}<\/script>\r\n<!-- \/ Yoast SEO plugin. -->","_links":{"self":[{"href":"https:\/\/www.nautilusplus.com\/fr\/wp-json\/wp\/v2\/pages\/3738"}],"collection":[{"href":"https:\/\/www.nautilusplus.com\/fr\/wp-json\/wp\/v2\/pages"}],"about":[{"href":"https:\/\/www.nautilusplus.com\/fr\/wp-json\/wp\/v2\/types\/page"}],"author":[{"embeddable":true,"href":"https:\/\/www.nautilusplus.com\/fr\/wp-json\/wp\/v2\/users\/17"}],"replies":[{"embeddable":true,"href":"https:\/\/www.nautilusplus.com\/fr\/wp-json\/wp\/v2\/comments?post=3738"}],"version-history":[{"count":0,"href":"https:\/\/www.nautilusplus.com\/fr\/wp-json\/wp\/v2\/pages\/3738\/revisions"}],"wp:featuredmedia":[{"embeddable":true,"href":"https:\/\/www.nautilusplus.com\/fr\/wp-json\/wp\/v2\/media\/39874"}],"wp:attachment":[{"href":"https:\/\/www.nautilusplus.com\/fr\/wp-json\/wp\/v2\/media?parent=3738"}],"curies":[{"name":"wp","href":"https:\/\/api.w.org\/{rel}","templated":true}]}}