{"id":3735,"date":"2013-10-07T17:32:46","date_gmt":"2013-10-07T17:32:46","guid":{"rendered":"http:\/\/nautilus.dev\/?page_id=3735"},"modified":"2013-10-23T13:23:27","modified_gmt":"2013-10-23T17:23:27","slug":"reponses-au-questionnaire","status":"publish","type":"page","link":"https:\/\/www.nautilusplus.com\/fr\/reponses-au-questionnaire\/","title":{"rendered":"R\u00e9ponses au questionnaire"},"content":{"rendered":"<p>Le programme le mieux adapt\u00e9<br \/>\n\u00e0 vos besoins est<\/p>\n","protected":false},"excerpt":{"rendered":"<p>Le programme le mieux adapt\u00e9 \u00e0 vos besoins est<\/p>\n","protected":false},"author":17,"featured_media":0,"parent":0,"menu_order":0,"comment_status":"closed","ping_status":"closed","template":"page-questionnaireanswers.php","meta":[],"yoast_head":"<!-- This site is optimized with the Yoast SEO plugin v16.3 - https:\/\/yoast.com\/wordpress\/plugins\/seo\/ -->\r\n<meta name=\"description\" content=\"D\u00e9couvrez le service ou programme le plus adapt\u00e9 \u00e0 vos besoins gr\u00e2ce aux r\u00e9ponses de notre questionnaire\" \/>\r\n<meta name=\"robots\" content=\"index, follow, max-snippet:-1, max-image-preview:large, max-video-preview:-1\" \/>\r\n<link rel=\"canonical\" href=\"https:\/\/www.nautilusplus.com\/fr\/reponses-au-questionnaire\/\" \/>\r\n<meta property=\"og:locale\" content=\"fr_FR\" \/>\r\n<meta property=\"og:type\" content=\"article\" \/>\r\n<meta property=\"og:title\" content=\"R\u00e9ponse | Questionnaire | Programmes d&#039;entra\u00eenement\" \/>\r\n<meta property=\"og:description\" content=\"D\u00e9couvrez le service ou programme le plus adapt\u00e9 \u00e0 vos besoins gr\u00e2ce aux r\u00e9ponses de notre questionnaire\" \/>\r\n<meta property=\"og:url\" content=\"https:\/\/www.nautilusplus.com\/fr\/reponses-au-questionnaire\/\" \/>\r\n<meta property=\"og:site_name\" content=\"Nautilus Plus\" \/>\r\n<meta property=\"article:modified_time\" content=\"2013-10-23T17:23:27+00:00\" \/>\r\n<script type=\"application\/ld+json\" class=\"yoast-schema-graph\">{\"@context\":\"https:\/\/schema.org\",\"@graph\":[{\"@type\":\"WebSite\",\"@id\":\"https:\/\/www.nautilusplus.com\/#website\",\"url\":\"https:\/\/www.nautilusplus.com\/\",\"name\":\"Nautilus Plus\",\"description\":\"Plus qu&#039;un gym\",\"potentialAction\":[{\"@type\":\"SearchAction\",\"target\":\"https:\/\/www.nautilusplus.com\/?s={search_term_string}\",\"query-input\":\"required name=search_term_string\"}],\"inLanguage\":\"fr-FR\"},{\"@type\":\"WebPage\",\"@id\":\"https:\/\/www.nautilusplus.com\/fr\/reponses-au-questionnaire\/#webpage\",\"url\":\"https:\/\/www.nautilusplus.com\/fr\/reponses-au-questionnaire\/\",\"name\":\"R\\u00e9ponse | Questionnaire | Programmes d'entra\\u00eenement\",\"isPartOf\":{\"@id\":\"https:\/\/www.nautilusplus.com\/#website\"},\"datePublished\":\"2013-10-07T17:32:46+00:00\",\"dateModified\":\"2013-10-23T17:23:27+00:00\",\"description\":\"D\\u00e9couvrez le service ou programme le plus adapt\\u00e9 \\u00e0 vos besoins gr\\u00e2ce aux r\\u00e9ponses de notre questionnaire\",\"breadcrumb\":{\"@id\":\"https:\/\/www.nautilusplus.com\/fr\/reponses-au-questionnaire\/#breadcrumb\"},\"inLanguage\":\"fr-FR\",\"potentialAction\":[{\"@type\":\"ReadAction\",\"target\":[\"https:\/\/www.nautilusplus.com\/fr\/reponses-au-questionnaire\/\"]}]},{\"@type\":\"BreadcrumbList\",\"@id\":\"https:\/\/www.nautilusplus.com\/fr\/reponses-au-questionnaire\/#breadcrumb\",\"itemListElement\":[{\"@type\":\"ListItem\",\"position\":1,\"item\":{\"@type\":\"WebPage\",\"@id\":\"https:\/\/www.nautilusplus.com\/fr\/\",\"url\":\"https:\/\/www.nautilusplus.com\/fr\/\",\"name\":\"Home\"}},{\"@type\":\"ListItem\",\"position\":2,\"item\":{\"@id\":\"https:\/\/www.nautilusplus.com\/fr\/reponses-au-questionnaire\/#webpage\"}}]}]}<\/script>\r\n<!-- \/ Yoast SEO plugin. -->","_links":{"self":[{"href":"https:\/\/www.nautilusplus.com\/fr\/wp-json\/wp\/v2\/pages\/3735"}],"collection":[{"href":"https:\/\/www.nautilusplus.com\/fr\/wp-json\/wp\/v2\/pages"}],"about":[{"href":"https:\/\/www.nautilusplus.com\/fr\/wp-json\/wp\/v2\/types\/page"}],"author":[{"embeddable":true,"href":"https:\/\/www.nautilusplus.com\/fr\/wp-json\/wp\/v2\/users\/17"}],"replies":[{"embeddable":true,"href":"https:\/\/www.nautilusplus.com\/fr\/wp-json\/wp\/v2\/comments?post=3735"}],"version-history":[{"count":0,"href":"https:\/\/www.nautilusplus.com\/fr\/wp-json\/wp\/v2\/pages\/3735\/revisions"}],"wp:attachment":[{"href":"https:\/\/www.nautilusplus.com\/fr\/wp-json\/wp\/v2\/media?parent=3735"}],"curies":[{"name":"wp","href":"https:\/\/api.w.org\/{rel}","templated":true}]}}