{"id":29323,"date":"2021-03-29T10:38:08","date_gmt":"2021-03-29T14:38:08","guid":{"rendered":"https:\/\/www.nautilusplus.com\/fr\/?page_id=29323"},"modified":"2021-03-29T11:40:16","modified_gmt":"2021-03-29T15:40:16","slug":"services-en-entrainement-personnalise","status":"publish","type":"page","link":"https:\/\/www.nautilusplus.com\/fr\/services-en-entrainement-personnalise\/","title":{"rendered":"Nos services en entrainement personnalis\u00e9"},"content":{"rendered":"\r\n\r\nNos professionnels d\u00e9tiennent tous une formation universitaire en kin\u00e9siologie, en intervention sportive ou en \u00e9ducation physique, ce qui les qualifie pour intervenir de fa\u00e7on efficace et s\u00e9curitaire.\r\n\r\n \r\n\r\nSp\u00e9cialistes du mouvement et de l&rsquo;entrainement personnalis\u00e9 pour les clients qui d\u00e9sirent am\u00e9liorer leur sant\u00e9, nos entraineurs\/kin\u00e9siologues sont les mieux form\u00e9s pour vous aider \u00e0 progresser vers vos objectifs et les maintenir \u00e0 long terme.\r\n\r\n","protected":false},"excerpt":{"rendered":"<p>Nos professionnels d\u00e9tiennent tous une formation universitaire en kin\u00e9siologie, en intervention sportive ou en \u00e9ducation physique, ce qui les qualifie pour intervenir de fa\u00e7on efficace et s\u00e9curitaire. Sp\u00e9cialistes du mouvement et de l&rsquo;entrainement personnalis\u00e9 pour les clients qui d\u00e9sirent am\u00e9liorer leur sant\u00e9, nos entraineurs\/kin\u00e9siologues sont les mieux form\u00e9s pour vous aider \u00e0 progresser vers vos [&hellip;]<\/p>\n","protected":false},"author":17,"featured_media":29322,"parent":0,"menu_order":0,"comment_status":"closed","ping_status":"closed","template":"page-entraineur.php","meta":[],"yoast_head":"<!-- This site is optimized with the Yoast SEO plugin v16.3 - https:\/\/yoast.com\/wordpress\/plugins\/seo\/ -->\r\n<meta name=\"description\" content=\"Sp\u00e9cialistes de l&#039;entrainement personnalis\u00e9, nos entraineurs\/kin\u00e9siologues sont les mieux form\u00e9s pour vous aider \u00e0 progresser vers vos objectifs.\" \/>\r\n<meta name=\"robots\" content=\"index, follow, max-snippet:-1, max-image-preview:large, max-video-preview:-1\" \/>\r\n<link rel=\"canonical\" href=\"https:\/\/www.nautilusplus.com\/fr\/services-en-entrainement-personnalise\/\" \/>\r\n<meta property=\"og:locale\" content=\"fr_FR\" \/>\r\n<meta property=\"og:type\" content=\"article\" \/>\r\n<meta property=\"og:title\" content=\"Nos services en entrainement personnalis\u00e9 - Nautilus Plus\" \/>\r\n<meta property=\"og:description\" content=\"Sp\u00e9cialistes de l&#039;entrainement personnalis\u00e9, nos entraineurs\/kin\u00e9siologues sont les mieux form\u00e9s pour vous aider \u00e0 progresser vers vos objectifs.\" \/>\r\n<meta property=\"og:url\" content=\"https:\/\/www.nautilusplus.com\/fr\/services-en-entrainement-personnalise\/\" \/>\r\n<meta property=\"og:site_name\" content=\"Nautilus Plus\" \/>\r\n<meta property=\"article:modified_time\" content=\"2021-03-29T15:40:16+00:00\" \/>\r\n<meta property=\"og:image\" content=\"https:\/\/www.nautilusplus.com\/content\/uploads\/2021\/03\/img-bg-entrainement.jpg\" \/>\r\n\t<meta property=\"og:image:width\" content=\"1920\" \/>\r\n\t<meta property=\"og:image:height\" content=\"1217\" \/>\r\n<script type=\"application\/ld+json\" class=\"yoast-schema-graph\">{\"@context\":\"https:\/\/schema.org\",\"@graph\":[{\"@type\":\"WebSite\",\"@id\":\"https:\/\/www.nautilusplus.com\/fr\/#website\",\"url\":\"https:\/\/www.nautilusplus.com\/fr\/\",\"name\":\"Nautilus Plus\",\"description\":\"Plus qu&#039;un gym\",\"potentialAction\":[{\"@type\":\"SearchAction\",\"target\":\"https:\/\/www.nautilusplus.com\/fr\/?s={search_term_string}\",\"query-input\":\"required name=search_term_string\"}],\"inLanguage\":\"fr-FR\"},{\"@type\":\"ImageObject\",\"@id\":\"https:\/\/www.nautilusplus.com\/fr\/services-en-entrainement-personnalise\/#primaryimage\",\"inLanguage\":\"fr-FR\",\"url\":\"https:\/\/www.nautilusplus.com\/content\/uploads\/2021\/03\/img-bg-entrainement.jpg\",\"contentUrl\":\"https:\/\/www.nautilusplus.com\/content\/uploads\/2021\/03\/img-bg-entrainement.jpg\",\"width\":1920,\"height\":1217,\"caption\":\"Nautilus plus personal trainer\"},{\"@type\":\"WebPage\",\"@id\":\"https:\/\/www.nautilusplus.com\/fr\/services-en-entrainement-personnalise\/#webpage\",\"url\":\"https:\/\/www.nautilusplus.com\/fr\/services-en-entrainement-personnalise\/\",\"name\":\"Nos services en entrainement personnalis\\u00e9 - Nautilus Plus\",\"isPartOf\":{\"@id\":\"https:\/\/www.nautilusplus.com\/fr\/#website\"},\"primaryImageOfPage\":{\"@id\":\"https:\/\/www.nautilusplus.com\/fr\/services-en-entrainement-personnalise\/#primaryimage\"},\"datePublished\":\"2021-03-29T14:38:08+00:00\",\"dateModified\":\"2021-03-29T15:40:16+00:00\",\"description\":\"Sp\\u00e9cialistes de l'entrainement personnalis\\u00e9, nos entraineurs\/kin\\u00e9siologues sont les mieux form\\u00e9s pour vous aider \\u00e0 progresser vers vos objectifs.\",\"breadcrumb\":{\"@id\":\"https:\/\/www.nautilusplus.com\/fr\/services-en-entrainement-personnalise\/#breadcrumb\"},\"inLanguage\":\"fr-FR\",\"potentialAction\":[{\"@type\":\"ReadAction\",\"target\":[\"https:\/\/www.nautilusplus.com\/fr\/services-en-entrainement-personnalise\/\"]}]},{\"@type\":\"BreadcrumbList\",\"@id\":\"https:\/\/www.nautilusplus.com\/fr\/services-en-entrainement-personnalise\/#breadcrumb\",\"itemListElement\":[{\"@type\":\"ListItem\",\"position\":1,\"item\":{\"@type\":\"WebPage\",\"@id\":\"https:\/\/www.nautilusplus.com\/fr\/\",\"url\":\"https:\/\/www.nautilusplus.com\/fr\/\",\"name\":\"Home\"}},{\"@type\":\"ListItem\",\"position\":2,\"item\":{\"@id\":\"https:\/\/www.nautilusplus.com\/fr\/services-en-entrainement-personnalise\/#webpage\"}}]}]}<\/script>\r\n<!-- \/ Yoast SEO plugin. -->","_links":{"self":[{"href":"https:\/\/www.nautilusplus.com\/fr\/wp-json\/wp\/v2\/pages\/29323"}],"collection":[{"href":"https:\/\/www.nautilusplus.com\/fr\/wp-json\/wp\/v2\/pages"}],"about":[{"href":"https:\/\/www.nautilusplus.com\/fr\/wp-json\/wp\/v2\/types\/page"}],"author":[{"embeddable":true,"href":"https:\/\/www.nautilusplus.com\/fr\/wp-json\/wp\/v2\/users\/17"}],"replies":[{"embeddable":true,"href":"https:\/\/www.nautilusplus.com\/fr\/wp-json\/wp\/v2\/comments?post=29323"}],"version-history":[{"count":0,"href":"https:\/\/www.nautilusplus.com\/fr\/wp-json\/wp\/v2\/pages\/29323\/revisions"}],"wp:featuredmedia":[{"embeddable":true,"href":"https:\/\/www.nautilusplus.com\/fr\/wp-json\/wp\/v2\/media\/29322"}],"wp:attachment":[{"href":"https:\/\/www.nautilusplus.com\/fr\/wp-json\/wp\/v2\/media?parent=29323"}],"curies":[{"name":"wp","href":"https:\/\/api.w.org\/{rel}","templated":true}]}}