{"id":28782,"date":"2020-06-19T17:54:44","date_gmt":"2020-06-19T21:54:44","guid":{"rendered":"https:\/\/www.nautilusplus.com\/fr\/?page_id=28782"},"modified":"2022-03-07T17:26:02","modified_gmt":"2022-03-07T22:26:02","slug":"mesures-preventives","status":"publish","type":"page","link":"https:\/\/www.nautilusplus.com\/fr\/mesures-preventives\/","title":{"rendered":"Mesures COVID-19"},"content":{"rendered":"<div>\n<p>C\u2019est confirm\u00e9, nos centres d\u2019entra\u00eenement sont maintenant ouverts. Nous sommes heureux de vous retrouver!<\/p>\n<p>Pour les d\u00e9tails, consultez la <a href=\"https:\/\/www.nautilusplus.com\/fr\/nouvelles\/\">page NOUVELLES<\/a>.<\/p>\n<\/div>\n<p>Pour des r\u00e9ponses \u00e0 vos questions concernant les abonnements, les paiements, etc., veuillez consulter la FOIRE AUX QUESTIONS, ici-bas.<\/p>\n","protected":false},"excerpt":{"rendered":"<p>C\u2019est confirm\u00e9, nos centres d\u2019entra\u00eenement sont maintenant ouverts. Nous sommes heureux de vous retrouver! Pour les d\u00e9tails, consultez la page NOUVELLES. Pour des r\u00e9ponses \u00e0 vos questions concernant les abonnements, les paiements, etc., veuillez consulter la FOIRE AUX QUESTIONS, ici-bas.<\/p>\n","protected":false},"author":17,"featured_media":0,"parent":0,"menu_order":0,"comment_status":"closed","ping_status":"closed","template":"page-covid.php","meta":[],"yoast_head":"<!-- This site is optimized with the Yoast SEO plugin v16.3 - https:\/\/yoast.com\/wordpress\/plugins\/seo\/ -->\r\n<meta name=\"description\" content=\"D\u00e9couvrez nos mesures mises en place dans le contexte actuel. Nous sommes heureux de vous accueillir dans notre r\u00e9seau de succursales.\" \/>\r\n<meta name=\"robots\" content=\"index, follow, max-snippet:-1, max-image-preview:large, max-video-preview:-1\" \/>\r\n<link rel=\"canonical\" href=\"https:\/\/www.nautilusplus.com\/fr\/mesures-preventives\/\" \/>\r\n<meta property=\"og:locale\" content=\"fr_FR\" \/>\r\n<meta property=\"og:type\" content=\"article\" \/>\r\n<meta property=\"og:title\" content=\"Mesures COVID-19 - Nautilus Plus\" \/>\r\n<meta property=\"og:description\" content=\"D\u00e9couvrez nos mesures mises en place dans le contexte actuel. Nous sommes heureux de vous accueillir dans notre r\u00e9seau de succursales.\" \/>\r\n<meta property=\"og:url\" content=\"https:\/\/www.nautilusplus.com\/fr\/mesures-preventives\/\" \/>\r\n<meta property=\"og:site_name\" content=\"Nautilus Plus\" \/>\r\n<meta property=\"article:modified_time\" content=\"2022-03-07T22:26:02+00:00\" \/>\r\n<meta name=\"twitter:label1\" content=\"Est. reading time\">\n\t<meta name=\"twitter:data1\" content=\"1 minute\">\r\n<script type=\"application\/ld+json\" class=\"yoast-schema-graph\">{\"@context\":\"https:\/\/schema.org\",\"@graph\":[{\"@type\":\"WebSite\",\"@id\":\"https:\/\/www.nautilusplus.com\/#website\",\"url\":\"https:\/\/www.nautilusplus.com\/\",\"name\":\"Nautilus Plus\",\"description\":\"Plus qu&#039;un gym\",\"potentialAction\":[{\"@type\":\"SearchAction\",\"target\":\"https:\/\/www.nautilusplus.com\/?s={search_term_string}\",\"query-input\":\"required name=search_term_string\"}],\"inLanguage\":\"fr-FR\"},{\"@type\":\"WebPage\",\"@id\":\"https:\/\/www.nautilusplus.com\/fr\/mesures-preventives\/#webpage\",\"url\":\"https:\/\/www.nautilusplus.com\/fr\/mesures-preventives\/\",\"name\":\"Mesures COVID-19 - Nautilus Plus\",\"isPartOf\":{\"@id\":\"https:\/\/www.nautilusplus.com\/#website\"},\"datePublished\":\"2020-06-19T21:54:44+00:00\",\"dateModified\":\"2022-03-07T22:26:02+00:00\",\"description\":\"D\\u00e9couvrez nos mesures mises en place dans le contexte actuel. Nous sommes heureux de vous accueillir dans notre r\\u00e9seau de succursales.\",\"breadcrumb\":{\"@id\":\"https:\/\/www.nautilusplus.com\/fr\/mesures-preventives\/#breadcrumb\"},\"inLanguage\":\"fr-FR\",\"potentialAction\":[{\"@type\":\"ReadAction\",\"target\":[\"https:\/\/www.nautilusplus.com\/fr\/mesures-preventives\/\"]}]},{\"@type\":\"BreadcrumbList\",\"@id\":\"https:\/\/www.nautilusplus.com\/fr\/mesures-preventives\/#breadcrumb\",\"itemListElement\":[{\"@type\":\"ListItem\",\"position\":1,\"item\":{\"@type\":\"WebPage\",\"@id\":\"https:\/\/www.nautilusplus.com\/fr\/\",\"url\":\"https:\/\/www.nautilusplus.com\/fr\/\",\"name\":\"Home\"}},{\"@type\":\"ListItem\",\"position\":2,\"item\":{\"@id\":\"https:\/\/www.nautilusplus.com\/fr\/mesures-preventives\/#webpage\"}}]}]}<\/script>\r\n<!-- \/ Yoast SEO plugin. -->","_links":{"self":[{"href":"https:\/\/www.nautilusplus.com\/fr\/wp-json\/wp\/v2\/pages\/28782"}],"collection":[{"href":"https:\/\/www.nautilusplus.com\/fr\/wp-json\/wp\/v2\/pages"}],"about":[{"href":"https:\/\/www.nautilusplus.com\/fr\/wp-json\/wp\/v2\/types\/page"}],"author":[{"embeddable":true,"href":"https:\/\/www.nautilusplus.com\/fr\/wp-json\/wp\/v2\/users\/17"}],"replies":[{"embeddable":true,"href":"https:\/\/www.nautilusplus.com\/fr\/wp-json\/wp\/v2\/comments?post=28782"}],"version-history":[{"count":0,"href":"https:\/\/www.nautilusplus.com\/fr\/wp-json\/wp\/v2\/pages\/28782\/revisions"}],"wp:attachment":[{"href":"https:\/\/www.nautilusplus.com\/fr\/wp-json\/wp\/v2\/media?parent=28782"}],"curies":[{"name":"wp","href":"https:\/\/api.w.org\/{rel}","templated":true}]}}