{"id":28751,"date":"2020-06-03T15:20:15","date_gmt":"2020-06-03T19:20:15","guid":{"rendered":"https:\/\/www.nautilusplus.com\/fr\/?page_id=28751"},"modified":"2025-04-23T10:11:18","modified_gmt":"2025-04-23T14:11:18","slug":"nos-professionnels-en-ligne","status":"publish","type":"page","link":"https:\/\/www.nautilusplus.com\/fr\/nos-professionnels-en-ligne\/","title":{"rendered":"Nos professionnels"},"content":{"rendered":"<p>Pour prendre rendez-vous ou acheter des s\u00e9ances, vous devez d&rsquo;abord choisir le professionnel qui vous accompagnera. Tous nos entra\u00eeneurs personnels d\u00e9tiennent une formation universitaire dans un domaine li\u00e9 \u00e0 l\u2019activit\u00e9 physique ou sont en voie d\u2019obtenir leur dipl\u00f4me.<\/p>\n","protected":false},"excerpt":{"rendered":"<p>Pour prendre rendez-vous ou acheter des s\u00e9ances, vous devez d&rsquo;abord choisir le professionnel qui vous accompagnera. Tous nos entra\u00eeneurs personnels d\u00e9tiennent une formation universitaire dans un domaine li\u00e9 \u00e0 l\u2019activit\u00e9 physique ou sont en voie d\u2019obtenir leur dipl\u00f4me.<\/p>\n","protected":false},"author":17,"featured_media":0,"parent":0,"menu_order":0,"comment_status":"closed","ping_status":"closed","template":"page-lift-sessions-trainer-2020.php","meta":[],"yoast_head":"<!-- This site is optimized with the Yoast SEO plugin v16.3 - https:\/\/yoast.com\/wordpress\/plugins\/seo\/ -->\r\n<meta name=\"robots\" content=\"index, follow, max-snippet:-1, max-image-preview:large, max-video-preview:-1\" \/>\r\n<link rel=\"canonical\" href=\"https:\/\/www.nautilusplus.com\/fr\/nos-professionnels-en-ligne\/\" \/>\r\n<meta property=\"og:locale\" content=\"fr_FR\" \/>\r\n<meta property=\"og:type\" content=\"article\" \/>\r\n<meta property=\"og:title\" content=\"Nos professionnels - Nautilus Plus\" \/>\r\n<meta property=\"og:description\" content=\"Pour prendre rendez-vous ou acheter des s\u00e9ances, vous devez d&rsquo;abord choisir le professionnel qui vous accompagnera. Tous nos entra\u00eeneurs personnels d\u00e9tiennent une formation universitaire dans un domaine li\u00e9 \u00e0 l\u2019activit\u00e9 physique ou sont en voie d\u2019obtenir leur dipl\u00f4me.\" \/>\r\n<meta property=\"og:url\" content=\"https:\/\/www.nautilusplus.com\/fr\/nos-professionnels-en-ligne\/\" \/>\r\n<meta property=\"og:site_name\" content=\"Nautilus Plus\" \/>\r\n<meta property=\"article:modified_time\" content=\"2025-04-23T14:11:18+00:00\" \/>\r\n<meta name=\"twitter:label1\" content=\"Est. reading time\">\n\t<meta name=\"twitter:data1\" content=\"1 minute\">\r\n<script type=\"application\/ld+json\" class=\"yoast-schema-graph\">{\"@context\":\"https:\/\/schema.org\",\"@graph\":[{\"@type\":\"WebSite\",\"@id\":\"https:\/\/www.nautilusplus.com\/#website\",\"url\":\"https:\/\/www.nautilusplus.com\/\",\"name\":\"Nautilus Plus\",\"description\":\"Plus qu&#039;un gym\",\"potentialAction\":[{\"@type\":\"SearchAction\",\"target\":\"https:\/\/www.nautilusplus.com\/?s={search_term_string}\",\"query-input\":\"required name=search_term_string\"}],\"inLanguage\":\"fr-FR\"},{\"@type\":\"WebPage\",\"@id\":\"https:\/\/www.nautilusplus.com\/fr\/nos-professionnels-en-ligne\/#webpage\",\"url\":\"https:\/\/www.nautilusplus.com\/fr\/nos-professionnels-en-ligne\/\",\"name\":\"Nos professionnels - Nautilus Plus\",\"isPartOf\":{\"@id\":\"https:\/\/www.nautilusplus.com\/#website\"},\"datePublished\":\"2020-06-03T19:20:15+00:00\",\"dateModified\":\"2025-04-23T14:11:18+00:00\",\"breadcrumb\":{\"@id\":\"https:\/\/www.nautilusplus.com\/fr\/nos-professionnels-en-ligne\/#breadcrumb\"},\"inLanguage\":\"fr-FR\",\"potentialAction\":[{\"@type\":\"ReadAction\",\"target\":[\"https:\/\/www.nautilusplus.com\/fr\/nos-professionnels-en-ligne\/\"]}]},{\"@type\":\"BreadcrumbList\",\"@id\":\"https:\/\/www.nautilusplus.com\/fr\/nos-professionnels-en-ligne\/#breadcrumb\",\"itemListElement\":[{\"@type\":\"ListItem\",\"position\":1,\"item\":{\"@type\":\"WebPage\",\"@id\":\"https:\/\/www.nautilusplus.com\/fr\/\",\"url\":\"https:\/\/www.nautilusplus.com\/fr\/\",\"name\":\"Home\"}},{\"@type\":\"ListItem\",\"position\":2,\"item\":{\"@id\":\"https:\/\/www.nautilusplus.com\/fr\/nos-professionnels-en-ligne\/#webpage\"}}]}]}<\/script>\r\n<!-- \/ Yoast SEO plugin. -->","_links":{"self":[{"href":"https:\/\/www.nautilusplus.com\/fr\/wp-json\/wp\/v2\/pages\/28751"}],"collection":[{"href":"https:\/\/www.nautilusplus.com\/fr\/wp-json\/wp\/v2\/pages"}],"about":[{"href":"https:\/\/www.nautilusplus.com\/fr\/wp-json\/wp\/v2\/types\/page"}],"author":[{"embeddable":true,"href":"https:\/\/www.nautilusplus.com\/fr\/wp-json\/wp\/v2\/users\/17"}],"replies":[{"embeddable":true,"href":"https:\/\/www.nautilusplus.com\/fr\/wp-json\/wp\/v2\/comments?post=28751"}],"version-history":[{"count":0,"href":"https:\/\/www.nautilusplus.com\/fr\/wp-json\/wp\/v2\/pages\/28751\/revisions"}],"wp:attachment":[{"href":"https:\/\/www.nautilusplus.com\/fr\/wp-json\/wp\/v2\/media?parent=28751"}],"curies":[{"name":"wp","href":"https:\/\/api.w.org\/{rel}","templated":true}]}}