{"id":28665,"date":"2020-03-11T15:24:43","date_gmt":"2020-03-11T19:24:43","guid":{"rendered":"https:\/\/www.nautilusplus.com\/fr\/?page_id=28665"},"modified":"2025-10-23T12:52:24","modified_gmt":"2025-10-23T16:52:24","slug":"maison","status":"publish","type":"page","link":"https:\/\/www.nautilusplus.com\/fr\/","title":{"rendered":"Nautilus Plus"},"content":{"rendered":"<p><span style=\"font-family: 'Georgia',serif; color: #333333;\">Chez Nautilus Plus, tous nos entra\u00eeneurs personnels d\u00e9tiennent une formation universitaire dans un domaine li\u00e9 \u00e0 l\u2019activit\u00e9 physique (\u00e9ducation physique, kin\u00e9siologie, th\u00e9rapie sportive, intervention sportive, etc.). Nos nutritionnistes d\u00e9tiennent un baccalaur\u00e9at en nutrition reconnu par l\u2018Ordre Professionnel des Di\u00e9t\u00e9tistes du Qu\u00e9bec (OPDQ).<\/span><\/p>\n<p style=\"font-variant-ligatures: normal; font-variant-caps: normal; orphans: 2; text-align: start; widows: 2; -webkit-text-stroke-width: 0px; text-decoration-style: initial; text-decoration-color: initial; word-spacing: 0px;\"><b><span style=\"font-family: 'Georgia',serif; color: #333333;\">Nautilus Plus est le seul employeur dans son industrie \u00e0 embaucher uniquement des professionnels ayant une formation universitaire<\/span><\/b><span style=\"font-family: 'Georgia',serif; color: #333333;\">\u00a0<strong><span style=\"font-family: 'Georgia',serif;\">dans leurs champs d\u2019intervention professionnel pour l\u2019encadrement de sa client\u00e8le.<\/span><\/strong><\/span><\/p>\n","protected":false},"excerpt":{"rendered":"<p>Chez Nautilus Plus, tous nos entra\u00eeneurs personnels d\u00e9tiennent une formation universitaire dans un domaine li\u00e9 \u00e0 l\u2019activit\u00e9 physique (\u00e9ducation physique, kin\u00e9siologie, th\u00e9rapie sportive, intervention sportive, etc.). Nos nutritionnistes d\u00e9tiennent un baccalaur\u00e9at en nutrition reconnu par l\u2018Ordre Professionnel des Di\u00e9t\u00e9tistes du Qu\u00e9bec (OPDQ). Nautilus Plus est le seul employeur dans son industrie \u00e0 embaucher uniquement des [&hellip;]<\/p>\n","protected":false},"author":17,"featured_media":0,"parent":0,"menu_order":0,"comment_status":"closed","ping_status":"closed","template":"page-home.php","meta":[],"yoast_head":"<!-- This site is optimized with the Yoast SEO plugin v16.3 - https:\/\/yoast.com\/wordpress\/plugins\/seo\/ -->\r\n<meta name=\"description\" content=\"Chez Nautilus Plus, on vous encourage en vous r\u00e9compensant! Recevez 1$ \u00e0 chaque visite au gym! D\u00e9couvrez l&#039;abonnement Boomerang!\" \/>\r\n<meta name=\"robots\" content=\"index, follow, max-snippet:-1, max-image-preview:large, max-video-preview:-1\" \/>\r\n<link rel=\"canonical\" href=\"https:\/\/www.nautilusplus.com\/fr\/\" \/>\r\n<meta property=\"og:locale\" content=\"fr_FR\" \/>\r\n<meta property=\"og:type\" content=\"article\" \/>\r\n<meta property=\"og:title\" content=\"Nautilus Plus | Une entreprise fi\u00e8rement Qu\u00e9b\u00e9coise\" \/>\r\n<meta property=\"og:description\" content=\"Chez Nautilus Plus, on vous encourage en vous r\u00e9compensant! Recevez 1$ \u00e0 chaque visite au gym! D\u00e9couvrez l&#039;abonnement Boomerang!\" \/>\r\n<meta property=\"og:url\" content=\"https:\/\/www.nautilusplus.com\/fr\/\" \/>\r\n<meta property=\"og:site_name\" content=\"Nautilus Plus\" \/>\r\n<meta property=\"article:modified_time\" content=\"2025-10-23T16:52:24+00:00\" \/>\r\n<meta name=\"twitter:label1\" content=\"Est. reading time\">\n\t<meta name=\"twitter:data1\" content=\"1 minute\">\r\n<script type=\"application\/ld+json\" class=\"yoast-schema-graph\">{\"@context\":\"https:\/\/schema.org\",\"@graph\":[{\"@type\":\"WebSite\",\"@id\":\"https:\/\/www.nautilusplus.com\/#website\",\"url\":\"https:\/\/www.nautilusplus.com\/\",\"name\":\"Nautilus Plus\",\"description\":\"Plus qu&#039;un gym\",\"potentialAction\":[{\"@type\":\"SearchAction\",\"target\":\"https:\/\/www.nautilusplus.com\/?s={search_term_string}\",\"query-input\":\"required name=search_term_string\"}],\"inLanguage\":\"fr-FR\"},{\"@type\":\"WebPage\",\"@id\":\"https:\/\/www.nautilusplus.com\/fr\/#webpage\",\"url\":\"https:\/\/www.nautilusplus.com\/fr\/\",\"name\":\"Nautilus Plus | Une entreprise fi\\u00e8rement Qu\\u00e9b\\u00e9coise\",\"isPartOf\":{\"@id\":\"https:\/\/www.nautilusplus.com\/#website\"},\"datePublished\":\"2020-03-11T19:24:43+00:00\",\"dateModified\":\"2025-10-23T16:52:24+00:00\",\"description\":\"Chez Nautilus Plus, on vous encourage en vous r\\u00e9compensant! Recevez 1$ \\u00e0 chaque visite au gym! D\\u00e9couvrez l'abonnement Boomerang!\",\"breadcrumb\":{\"@id\":\"https:\/\/www.nautilusplus.com\/fr\/#breadcrumb\"},\"inLanguage\":\"fr-FR\",\"potentialAction\":[{\"@type\":\"ReadAction\",\"target\":[\"https:\/\/www.nautilusplus.com\/fr\/\"]}]},{\"@type\":\"BreadcrumbList\",\"@id\":\"https:\/\/www.nautilusplus.com\/fr\/#breadcrumb\",\"itemListElement\":[{\"@type\":\"ListItem\",\"position\":1,\"item\":{\"@type\":\"WebPage\",\"@id\":\"https:\/\/www.nautilusplus.com\/fr\/\",\"url\":\"https:\/\/www.nautilusplus.com\/fr\/\",\"name\":\"Home\"}},{\"@type\":\"ListItem\",\"position\":2,\"item\":{\"@id\":\"https:\/\/www.nautilusplus.com\/fr\/#webpage\"}}]}]}<\/script>\r\n<!-- \/ Yoast SEO plugin. -->","_links":{"self":[{"href":"https:\/\/www.nautilusplus.com\/fr\/wp-json\/wp\/v2\/pages\/28665"}],"collection":[{"href":"https:\/\/www.nautilusplus.com\/fr\/wp-json\/wp\/v2\/pages"}],"about":[{"href":"https:\/\/www.nautilusplus.com\/fr\/wp-json\/wp\/v2\/types\/page"}],"author":[{"embeddable":true,"href":"https:\/\/www.nautilusplus.com\/fr\/wp-json\/wp\/v2\/users\/17"}],"replies":[{"embeddable":true,"href":"https:\/\/www.nautilusplus.com\/fr\/wp-json\/wp\/v2\/comments?post=28665"}],"version-history":[{"count":0,"href":"https:\/\/www.nautilusplus.com\/fr\/wp-json\/wp\/v2\/pages\/28665\/revisions"}],"wp:attachment":[{"href":"https:\/\/www.nautilusplus.com\/fr\/wp-json\/wp\/v2\/media?parent=28665"}],"curies":[{"name":"wp","href":"https:\/\/api.w.org\/{rel}","templated":true}]}}