{"id":26006,"date":"2018-02-26T14:50:35","date_gmt":"2018-02-26T19:50:35","guid":{"rendered":"https:\/\/www.nautilusplus.com\/fr\/?page_id=26006"},"modified":"2025-05-29T15:31:33","modified_gmt":"2025-05-29T19:31:33","slug":"services-nutritionnels","status":"publish","type":"page","link":"https:\/\/www.nautilusplus.com\/fr\/services-nutritionnels\/","title":{"rendered":"Nutritionnistes : nos services personnalis\u00e9s"},"content":{"rendered":"<div>\n<div>\n<p style=\"text-align: center;\"><strong>Pour vous aider \u00e0 d\u00e9velopper une relation saine \u00e0 la nourriture, \u00e0 votre image corporelle ou pour votre sant\u00e9.<\/strong><\/p>\n<div>\n<div>\n<div>\n<p style=\"text-align: center;\">Nos offrons des consultations en personne (<a href=\"https:\/\/www.nautilusplus.com\/fr\/trouver-mon-nautilus\/\">dans nos succursales<\/a>) ou <a href=\"https:\/\/www.nautilusplus.com\/fr\/services-dencadrement-en-ligne\/?professionOid=2\">des consultations virtuelles<\/a>.<\/p>\n<p style=\"text-align: center;\">Vous n&rsquo;avez pas besoin d&rsquo;\u00eatre membre Nautilus Plus pour b\u00e9n\u00e9ficier de nos services.<br \/>\n<span data-teams=\"true\">Pour prendre rendez-vous avec l&rsquo;une de nos nutritionnistes, appelez \u00e0 la succursale de votre choix.<\/span><\/p>\n<\/div>\n<\/div>\n<\/div>\n<\/div>\n<\/div>\n","protected":false},"excerpt":{"rendered":"<p>Pour vous aider \u00e0 d\u00e9velopper une relation saine \u00e0 la nourriture, \u00e0 votre image corporelle ou pour votre sant\u00e9. Nos offrons des consultations en personne (dans nos succursales) ou des consultations virtuelles. Vous n&rsquo;avez pas besoin d&rsquo;\u00eatre membre Nautilus Plus pour b\u00e9n\u00e9ficier de nos services. Pour prendre rendez-vous avec l&rsquo;une de nos nutritionnistes, appelez \u00e0 [&hellip;]<\/p>\n","protected":false},"author":17,"featured_media":44326,"parent":0,"menu_order":0,"comment_status":"closed","ping_status":"closed","template":"page-nutrition.php","meta":[],"yoast_head":"<!-- This site is optimized with the Yoast SEO plugin v16.3 - https:\/\/yoast.com\/wordpress\/plugins\/seo\/ -->\r\n<meta name=\"description\" content=\"D\u00e9couvrez comment nos nutritionnistes peuvent vous aider dans vos besoins en nutrition. Vous n&#039;avez pas besoin d&#039;\u00eatre membre Nautilus Plus.\" \/>\r\n<meta name=\"robots\" content=\"index, follow, max-snippet:-1, max-image-preview:large, max-video-preview:-1\" \/>\r\n<link rel=\"canonical\" href=\"https:\/\/www.nautilusplus.com\/fr\/services-nutritionnels\/\" \/>\r\n<meta property=\"og:locale\" content=\"fr_FR\" \/>\r\n<meta property=\"og:type\" content=\"article\" \/>\r\n<meta property=\"og:title\" content=\"Nutritionnistes : nos services personnalis\u00e9s - Nautilus Plus\" \/>\r\n<meta property=\"og:description\" content=\"D\u00e9couvrez comment nos nutritionnistes peuvent vous aider dans vos besoins en nutrition. Vous n&#039;avez pas besoin d&#039;\u00eatre membre Nautilus Plus.\" \/>\r\n<meta property=\"og:url\" content=\"https:\/\/www.nautilusplus.com\/fr\/services-nutritionnels\/\" \/>\r\n<meta property=\"og:site_name\" content=\"Nautilus Plus\" \/>\r\n<meta property=\"article:modified_time\" content=\"2025-05-29T19:31:33+00:00\" \/>\r\n<meta property=\"og:image\" content=\"https:\/\/www.nautilusplus.com\/content\/uploads\/2022\/06\/img-bg-nutrition-web.jpg\" \/>\r\n\t<meta property=\"og:image:width\" content=\"1920\" \/>\r\n\t<meta property=\"og:image:height\" content=\"1217\" \/>\r\n<meta name=\"twitter:label1\" content=\"Est. reading time\">\n\t<meta name=\"twitter:data1\" content=\"1 minute\">\r\n<script type=\"application\/ld+json\" class=\"yoast-schema-graph\">{\"@context\":\"https:\/\/schema.org\",\"@graph\":[{\"@type\":\"WebSite\",\"@id\":\"https:\/\/www.nautilusplus.com\/fr\/#website\",\"url\":\"https:\/\/www.nautilusplus.com\/fr\/\",\"name\":\"Nautilus Plus\",\"description\":\"Plus qu&#039;un gym\",\"potentialAction\":[{\"@type\":\"SearchAction\",\"target\":\"https:\/\/www.nautilusplus.com\/fr\/?s={search_term_string}\",\"query-input\":\"required name=search_term_string\"}],\"inLanguage\":\"fr-FR\"},{\"@type\":\"ImageObject\",\"@id\":\"https:\/\/www.nautilusplus.com\/fr\/services-nutritionnels\/#primaryimage\",\"inLanguage\":\"fr-FR\",\"url\":\"https:\/\/www.nautilusplus.com\/content\/uploads\/2022\/06\/img-bg-nutrition-web.jpg\",\"contentUrl\":\"https:\/\/www.nautilusplus.com\/content\/uploads\/2022\/06\/img-bg-nutrition-web.jpg\",\"width\":1920,\"height\":1217,\"caption\":\"nutritionniste et di\\u00e9t\\u00e9tiste partout au qu\\u00e9bec\"},{\"@type\":\"WebPage\",\"@id\":\"https:\/\/www.nautilusplus.com\/fr\/services-nutritionnels\/#webpage\",\"url\":\"https:\/\/www.nautilusplus.com\/fr\/services-nutritionnels\/\",\"name\":\"Nutritionnistes : nos services personnalis\\u00e9s - Nautilus Plus\",\"isPartOf\":{\"@id\":\"https:\/\/www.nautilusplus.com\/fr\/#website\"},\"primaryImageOfPage\":{\"@id\":\"https:\/\/www.nautilusplus.com\/fr\/services-nutritionnels\/#primaryimage\"},\"datePublished\":\"2018-02-26T19:50:35+00:00\",\"dateModified\":\"2025-05-29T19:31:33+00:00\",\"description\":\"D\\u00e9couvrez comment nos nutritionnistes peuvent vous aider dans vos besoins en nutrition. Vous n'avez pas besoin d'\\u00eatre membre Nautilus Plus.\",\"breadcrumb\":{\"@id\":\"https:\/\/www.nautilusplus.com\/fr\/services-nutritionnels\/#breadcrumb\"},\"inLanguage\":\"fr-FR\",\"potentialAction\":[{\"@type\":\"ReadAction\",\"target\":[\"https:\/\/www.nautilusplus.com\/fr\/services-nutritionnels\/\"]}]},{\"@type\":\"BreadcrumbList\",\"@id\":\"https:\/\/www.nautilusplus.com\/fr\/services-nutritionnels\/#breadcrumb\",\"itemListElement\":[{\"@type\":\"ListItem\",\"position\":1,\"item\":{\"@type\":\"WebPage\",\"@id\":\"https:\/\/www.nautilusplus.com\/fr\/\",\"url\":\"https:\/\/www.nautilusplus.com\/fr\/\",\"name\":\"Home\"}},{\"@type\":\"ListItem\",\"position\":2,\"item\":{\"@id\":\"https:\/\/www.nautilusplus.com\/fr\/services-nutritionnels\/#webpage\"}}]}]}<\/script>\r\n<!-- \/ Yoast SEO plugin. -->","_links":{"self":[{"href":"https:\/\/www.nautilusplus.com\/fr\/wp-json\/wp\/v2\/pages\/26006"}],"collection":[{"href":"https:\/\/www.nautilusplus.com\/fr\/wp-json\/wp\/v2\/pages"}],"about":[{"href":"https:\/\/www.nautilusplus.com\/fr\/wp-json\/wp\/v2\/types\/page"}],"author":[{"embeddable":true,"href":"https:\/\/www.nautilusplus.com\/fr\/wp-json\/wp\/v2\/users\/17"}],"replies":[{"embeddable":true,"href":"https:\/\/www.nautilusplus.com\/fr\/wp-json\/wp\/v2\/comments?post=26006"}],"version-history":[{"count":0,"href":"https:\/\/www.nautilusplus.com\/fr\/wp-json\/wp\/v2\/pages\/26006\/revisions"}],"wp:featuredmedia":[{"embeddable":true,"href":"https:\/\/www.nautilusplus.com\/fr\/wp-json\/wp\/v2\/media\/44326"}],"wp:attachment":[{"href":"https:\/\/www.nautilusplus.com\/fr\/wp-json\/wp\/v2\/media?parent=26006"}],"curies":[{"name":"wp","href":"https:\/\/api.w.org\/{rel}","templated":true}]}}