{"id":12333,"date":"2013-12-03T15:50:37","date_gmt":"2013-12-03T20:50:37","guid":{"rendered":"http:\/\/nautilus.dev\/?page_id=12333"},"modified":"2016-08-31T08:23:42","modified_gmt":"2016-08-31T12:23:42","slug":"se-desabonner","status":"publish","type":"page","link":"https:\/\/www.nautilusplus.com\/fr\/se-desabonner\/","title":{"rendered":"Se d\u00e9sabonner"},"content":{"rendered":"<h2>D\u00e9sabonnement<br \/>\nde la liste d&rsquo;envoi<\/h2>\n<p>En cliquant sur \u00ab Me d\u00e9sabonner\u00bb, vous ne recevrez plus l&rsquo;infolettre et les courriels de promotion.<\/p>\n<p>Veuillez vous assurer que l&rsquo;adresse courriel que vous entrez ci-dessous correspond \u00e0 celle avec laquelle vous vous \u00eates inscrit \u00e0 notre liste d&rsquo;envoi.<br \/>\n<iframe loading=\"lazy\" style=\"width: 100%; height: 520px; border: 0; margin:0 auto;\" src=\"https:\/\/www.nautilusplus.com\/promotions-speciales\/unsubscribe\/form-fr.php\" height=\"240\" width=\"320\"><\/iframe><\/p>\n","protected":false},"excerpt":{"rendered":"<p>D\u00e9sabonnement de la liste d&rsquo;envoi En cliquant sur \u00ab Me d\u00e9sabonner\u00bb, vous ne recevrez plus l&rsquo;infolettre et les courriels de promotion. Veuillez vous assurer que l&rsquo;adresse courriel que vous entrez ci-dessous correspond \u00e0 celle avec laquelle vous vous \u00eates inscrit \u00e0 notre liste d&rsquo;envoi.<\/p>\n","protected":false},"author":17,"featured_media":0,"parent":0,"menu_order":0,"comment_status":"closed","ping_status":"closed","template":"page-unsubscribe.php","meta":[],"yoast_head":"<!-- This site is optimized with the Yoast SEO plugin v16.3 - https:\/\/yoast.com\/wordpress\/plugins\/seo\/ -->\r\n<meta name=\"description\" content=\"D\u00e9sabonnez-vous de l&#039;infolettre Nautilus Plus\" \/>\r\n<meta name=\"robots\" content=\"index, follow, max-snippet:-1, max-image-preview:large, max-video-preview:-1\" \/>\r\n<link rel=\"canonical\" href=\"https:\/\/www.nautilusplus.com\/fr\/se-desabonner\/\" \/>\r\n<meta property=\"og:locale\" content=\"fr_FR\" \/>\r\n<meta property=\"og:type\" content=\"article\" \/>\r\n<meta property=\"og:title\" content=\"Se d\u00e9sabonner | Infolettre\" \/>\r\n<meta property=\"og:description\" content=\"D\u00e9sabonnez-vous de l&#039;infolettre Nautilus Plus\" \/>\r\n<meta property=\"og:url\" content=\"https:\/\/www.nautilusplus.com\/fr\/se-desabonner\/\" \/>\r\n<meta property=\"og:site_name\" content=\"Nautilus Plus\" \/>\r\n<meta property=\"article:modified_time\" content=\"2016-08-31T12:23:42+00:00\" \/>\r\n<script type=\"application\/ld+json\" class=\"yoast-schema-graph\">{\"@context\":\"https:\/\/schema.org\",\"@graph\":[{\"@type\":\"WebSite\",\"@id\":\"https:\/\/www.nautilusplus.com\/#website\",\"url\":\"https:\/\/www.nautilusplus.com\/\",\"name\":\"Nautilus Plus\",\"description\":\"Plus qu&#039;un gym\",\"potentialAction\":[{\"@type\":\"SearchAction\",\"target\":\"https:\/\/www.nautilusplus.com\/?s={search_term_string}\",\"query-input\":\"required name=search_term_string\"}],\"inLanguage\":\"fr-FR\"},{\"@type\":\"WebPage\",\"@id\":\"https:\/\/www.nautilusplus.com\/fr\/se-desabonner\/#webpage\",\"url\":\"https:\/\/www.nautilusplus.com\/fr\/se-desabonner\/\",\"name\":\"Se d\\u00e9sabonner | Infolettre\",\"isPartOf\":{\"@id\":\"https:\/\/www.nautilusplus.com\/#website\"},\"datePublished\":\"2013-12-03T20:50:37+00:00\",\"dateModified\":\"2016-08-31T12:23:42+00:00\",\"description\":\"D\\u00e9sabonnez-vous de l'infolettre Nautilus Plus\",\"breadcrumb\":{\"@id\":\"https:\/\/www.nautilusplus.com\/fr\/se-desabonner\/#breadcrumb\"},\"inLanguage\":\"fr-FR\",\"potentialAction\":[{\"@type\":\"ReadAction\",\"target\":[\"https:\/\/www.nautilusplus.com\/fr\/se-desabonner\/\"]}]},{\"@type\":\"BreadcrumbList\",\"@id\":\"https:\/\/www.nautilusplus.com\/fr\/se-desabonner\/#breadcrumb\",\"itemListElement\":[{\"@type\":\"ListItem\",\"position\":1,\"item\":{\"@type\":\"WebPage\",\"@id\":\"https:\/\/www.nautilusplus.com\/fr\/\",\"url\":\"https:\/\/www.nautilusplus.com\/fr\/\",\"name\":\"Home\"}},{\"@type\":\"ListItem\",\"position\":2,\"item\":{\"@id\":\"https:\/\/www.nautilusplus.com\/fr\/se-desabonner\/#webpage\"}}]}]}<\/script>\r\n<!-- \/ Yoast SEO plugin. -->","_links":{"self":[{"href":"https:\/\/www.nautilusplus.com\/fr\/wp-json\/wp\/v2\/pages\/12333"}],"collection":[{"href":"https:\/\/www.nautilusplus.com\/fr\/wp-json\/wp\/v2\/pages"}],"about":[{"href":"https:\/\/www.nautilusplus.com\/fr\/wp-json\/wp\/v2\/types\/page"}],"author":[{"embeddable":true,"href":"https:\/\/www.nautilusplus.com\/fr\/wp-json\/wp\/v2\/users\/17"}],"replies":[{"embeddable":true,"href":"https:\/\/www.nautilusplus.com\/fr\/wp-json\/wp\/v2\/comments?post=12333"}],"version-history":[{"count":0,"href":"https:\/\/www.nautilusplus.com\/fr\/wp-json\/wp\/v2\/pages\/12333\/revisions"}],"wp:attachment":[{"href":"https:\/\/www.nautilusplus.com\/fr\/wp-json\/wp\/v2\/media?parent=12333"}],"curies":[{"name":"wp","href":"https:\/\/api.w.org\/{rel}","templated":true}]}}